{"id":4656,"date":"2025-11-10T10:47:56","date_gmt":"2025-11-10T10:47:56","guid":{"rendered":"https:\/\/agripura.com\/product\/forschung-zu-massenmilch\/"},"modified":"2025-11-10T10:47:56","modified_gmt":"2025-11-10T10:47:56","slug":"forschung-zu-massenmilch","status":"publish","type":"product","link":"https:\/\/agripura.com\/de\/product\/forschung-zu-massenmilch\/","title":{"rendered":"Forschung zu Massenmilch"},"content":{"rendered":"<p>Der PCR-Test f\u00fcr Tankmilch untersucht Ihre Tankmilch auf das Vorhandensein von DNA aller 15 h\u00e4ufigen Mastitiserreger.<\/p>\n<h2><strong>Wie funktioniert die Untersuchung von Sammelmilch?<\/strong><\/h2>\n<ol>\n<li>Sie fordern eine einmalige, viertelj\u00e4hrliche oder j\u00e4hrliche Sammelmilchuntersuchung an, und AgriPura sendet Ihnen die notwendigen Materialien zu.<\/li>\n<li>Die Packung enth\u00e4lt eine klare Anleitung, mehrere Probenr\u00f6hrchen und Pipetten (je nach gew\u00e4hltem Produkt).<\/li>\n<li>Folgen Sie den Anweisungen, nehmen Sie eine Probe und senden Sie diese per Post an das AgriPura-Labor.<\/li>\n<\/ol>\n<h3><strong>Die Sammelmilchpr\u00fcfung kann auf folgende Weise durchgef\u00fchrt werden:<\/strong><\/h3>\n<ul>\n<li>Einmalige Sammelmilchpr\u00fcfung (inkl. Dashboard) 67,50 \u20ac<\/li>\n<li>Sichern Sie sich einen Rabatt auf ein Jahresabo f\u00fcr Milch in gro\u00dfen Mengen inklusive <a href=\"\/tankmelk-jaarpakket\">monatlicher Probepackungen<\/a>. Ab 750,00 \u20ac. <\/li>\n<\/ul>\n","protected":false},"excerpt":{"rendered":"<p>Der PCR-Test f\u00fcr Tankmilch untersucht Ihre Tankmilch auf das Vorhandensein von DNA aller 15 h\u00e4ufigen Mastitiserreger. Wie funktioniert die Untersuchung von Sammelmilch? Sie fordern eine einmalige, viertelj\u00e4hrliche oder j\u00e4hrliche Sammelmilchuntersuchung an, und AgriPura sendet Ihnen die notwendigen Materialien zu. Die Packung enth\u00e4lt eine klare Anleitung, mehrere Probenr\u00f6hrchen und Pipetten (je nach gew\u00e4hltem Produkt). Folgen Sie&#8230;<\/p>\n","protected":false},"featured_media":4418,"template":"","meta":{"inline_featured_image":false,"_kad_post_transparent":"","_kad_post_title":"","_kad_post_layout":"","_kad_post_sidebar_id":"","_kad_post_content_style":"","_kad_post_vertical_padding":"","_kad_post_feature":"","_kad_post_feature_position":"","_kad_post_header":false,"_kad_post_footer":false,"_kad_post_classname":""},"product_brand":[],"product_cat":[171],"product_tag":[],"class_list":{"0":"post-4656","1":"product","2":"type-product","3":"status-publish","4":"has-post-thumbnail","6":"product_cat-pakete","8":"first","9":"instock","10":"shipping-taxable","11":"purchasable","12":"product-type-simple","13":"entry","14":"content-bg","15":"loop-entry"},"yoast_head":"<!-- This site is optimized with the Yoast SEO plugin v27.4 - https:\/\/yoast.com\/product\/yoast-seo-wordpress\/ -->\n<title>Forschung zu Massenmilch - AgriPura B.V<\/title>\n<meta name=\"description\" content=\"Der PCR-Test f\u00fcr Tankmilch untersucht Ihre Tankmilch auf das Vorhandensein von DNA aller 15 h\u00e4ufigen Mastitiserreger.\" \/>\n<meta name=\"robots\" content=\"index, follow, max-snippet:-1, max-image-preview:large, max-video-preview:-1\" \/>\n<link rel=\"canonical\" href=\"https:\/\/agripura.com\/de\/product\/forschung-zu-massenmilch\/\" \/>\n<meta property=\"og:locale\" content=\"de_DE\" \/>\n<meta property=\"og:type\" content=\"article\" \/>\n<meta property=\"og:title\" content=\"Forschung zu Massenmilch - AgriPura B.V\" \/>\n<meta property=\"og:description\" content=\"Der PCR-Test f\u00fcr Tankmilch untersucht Ihre Tankmilch auf das Vorhandensein von DNA aller 15 h\u00e4ufigen Mastitiserreger.\" \/>\n<meta property=\"og:url\" content=\"https:\/\/agripura.com\/de\/product\/forschung-zu-massenmilch\/\" \/>\n<meta property=\"og:site_name\" content=\"AgriPura B.V\" \/>\n<meta property=\"og:image\" content=\"https:\/\/agripura.com\/wp-content\/uploads\/2025\/09\/Tankmelkonderzoek_2x.jpg\" \/>\n\t<meta property=\"og:image:width\" content=\"1200\" \/>\n\t<meta property=\"og:image:height\" content=\"1200\" \/>\n\t<meta property=\"og:image:type\" content=\"image\/jpeg\" \/>\n<meta name=\"twitter:card\" content=\"summary_large_image\" \/>\n<meta name=\"twitter:label1\" content=\"Gesch\u00e4tzte Lesezeit\" \/>\n\t<meta name=\"twitter:data1\" content=\"1\u00a0Minute\" \/>\n<script type=\"application\/ld+json\" class=\"yoast-schema-graph\">{\"@context\":\"https:\\\/\\\/schema.org\",\"@graph\":[{\"@type\":\"WebPage\",\"@id\":\"https:\\\/\\\/agripura.com\\\/de\\\/product\\\/forschung-zu-massenmilch\\\/\",\"url\":\"https:\\\/\\\/agripura.com\\\/de\\\/product\\\/forschung-zu-massenmilch\\\/\",\"name\":\"Forschung zu Massenmilch - AgriPura B.V\",\"isPartOf\":{\"@id\":\"https:\\\/\\\/agripura.com\\\/en\\\/#website\"},\"primaryImageOfPage\":{\"@id\":\"https:\\\/\\\/agripura.com\\\/de\\\/product\\\/forschung-zu-massenmilch\\\/#primaryimage\"},\"image\":{\"@id\":\"https:\\\/\\\/agripura.com\\\/de\\\/product\\\/forschung-zu-massenmilch\\\/#primaryimage\"},\"thumbnailUrl\":\"https:\\\/\\\/agripura.com\\\/wp-content\\\/uploads\\\/2025\\\/09\\\/Tankmelkonderzoek_2x.jpg\",\"datePublished\":\"2025-11-10T10:47:56+00:00\",\"description\":\"Der PCR-Test f\u00fcr Tankmilch untersucht Ihre Tankmilch auf das Vorhandensein von DNA aller 15 h\u00e4ufigen Mastitiserreger.\",\"breadcrumb\":{\"@id\":\"https:\\\/\\\/agripura.com\\\/de\\\/product\\\/forschung-zu-massenmilch\\\/#breadcrumb\"},\"inLanguage\":\"de\",\"potentialAction\":[{\"@type\":\"ReadAction\",\"target\":[\"https:\\\/\\\/agripura.com\\\/de\\\/product\\\/forschung-zu-massenmilch\\\/\"]}]},{\"@type\":\"ImageObject\",\"inLanguage\":\"de\",\"@id\":\"https:\\\/\\\/agripura.com\\\/de\\\/product\\\/forschung-zu-massenmilch\\\/#primaryimage\",\"url\":\"https:\\\/\\\/agripura.com\\\/wp-content\\\/uploads\\\/2025\\\/09\\\/Tankmelkonderzoek_2x.jpg\",\"contentUrl\":\"https:\\\/\\\/agripura.com\\\/wp-content\\\/uploads\\\/2025\\\/09\\\/Tankmelkonderzoek_2x.jpg\",\"width\":1200,\"height\":1200},{\"@type\":\"BreadcrumbList\",\"@id\":\"https:\\\/\\\/agripura.com\\\/de\\\/product\\\/forschung-zu-massenmilch\\\/#breadcrumb\",\"itemListElement\":[{\"@type\":\"ListItem\",\"position\":1,\"name\":\"Home\",\"item\":\"https:\\\/\\\/agripura.com\\\/de\\\/\"},{\"@type\":\"ListItem\",\"position\":2,\"name\":\"Shop\",\"item\":\"https:\\\/\\\/agripura.com\\\/en\\\/shop\\\/\"},{\"@type\":\"ListItem\",\"position\":3,\"name\":\"Forschung zu Massenmilch\"}]},{\"@type\":\"WebSite\",\"@id\":\"https:\\\/\\\/agripura.com\\\/en\\\/#website\",\"url\":\"https:\\\/\\\/agripura.com\\\/en\\\/\",\"name\":\"AgriPura B.V\",\"description\":\"Specialist in agrarische voeradditieven, desinfectie en reinigingsmiddelen\",\"publisher\":{\"@id\":\"https:\\\/\\\/agripura.com\\\/en\\\/#organization\"},\"potentialAction\":[{\"@type\":\"SearchAction\",\"target\":{\"@type\":\"EntryPoint\",\"urlTemplate\":\"https:\\\/\\\/agripura.com\\\/en\\\/?s={search_term_string}\"},\"query-input\":{\"@type\":\"PropertyValueSpecification\",\"valueRequired\":true,\"valueName\":\"search_term_string\"}}],\"inLanguage\":\"de\"},{\"@type\":\"Organization\",\"@id\":\"https:\\\/\\\/agripura.com\\\/en\\\/#organization\",\"name\":\"AgriPura B.V\",\"url\":\"https:\\\/\\\/agripura.com\\\/en\\\/\",\"logo\":{\"@type\":\"ImageObject\",\"inLanguage\":\"de\",\"@id\":\"https:\\\/\\\/agripura.com\\\/en\\\/#\\\/schema\\\/logo\\\/image\\\/\",\"url\":\"https:\\\/\\\/agripura.com\\\/wp-content\\\/uploads\\\/2020\\\/06\\\/AgriPura_Logo_web.svg\",\"contentUrl\":\"https:\\\/\\\/agripura.com\\\/wp-content\\\/uploads\\\/2020\\\/06\\\/AgriPura_Logo_web.svg\",\"width\":180,\"height\":56,\"caption\":\"AgriPura B.V\"},\"image\":{\"@id\":\"https:\\\/\\\/agripura.com\\\/en\\\/#\\\/schema\\\/logo\\\/image\\\/\"},\"sameAs\":[\"https:\\\/\\\/www.linkedin.com\\\/company\\\/agripura\\\/\"]}]}<\/script>\n<!-- \/ Yoast SEO plugin. -->","yoast_head_json":{"title":"Forschung zu Massenmilch - AgriPura B.V","description":"Der PCR-Test f\u00fcr Tankmilch untersucht Ihre Tankmilch auf das Vorhandensein von DNA aller 15 h\u00e4ufigen Mastitiserreger.","robots":{"index":"index","follow":"follow","max-snippet":"max-snippet:-1","max-image-preview":"max-image-preview:large","max-video-preview":"max-video-preview:-1"},"canonical":"https:\/\/agripura.com\/de\/product\/forschung-zu-massenmilch\/","og_locale":"de_DE","og_type":"article","og_title":"Forschung zu Massenmilch - AgriPura B.V","og_description":"Der PCR-Test f\u00fcr Tankmilch untersucht Ihre Tankmilch auf das Vorhandensein von DNA aller 15 h\u00e4ufigen Mastitiserreger.","og_url":"https:\/\/agripura.com\/de\/product\/forschung-zu-massenmilch\/","og_site_name":"AgriPura B.V","og_image":[{"width":1200,"height":1200,"url":"https:\/\/agripura.com\/wp-content\/uploads\/2025\/09\/Tankmelkonderzoek_2x.jpg","type":"image\/jpeg"}],"twitter_card":"summary_large_image","twitter_misc":{"Gesch\u00e4tzte Lesezeit":"1\u00a0Minute"},"schema":{"@context":"https:\/\/schema.org","@graph":[{"@type":"WebPage","@id":"https:\/\/agripura.com\/de\/product\/forschung-zu-massenmilch\/","url":"https:\/\/agripura.com\/de\/product\/forschung-zu-massenmilch\/","name":"Forschung zu Massenmilch - AgriPura B.V","isPartOf":{"@id":"https:\/\/agripura.com\/en\/#website"},"primaryImageOfPage":{"@id":"https:\/\/agripura.com\/de\/product\/forschung-zu-massenmilch\/#primaryimage"},"image":{"@id":"https:\/\/agripura.com\/de\/product\/forschung-zu-massenmilch\/#primaryimage"},"thumbnailUrl":"https:\/\/agripura.com\/wp-content\/uploads\/2025\/09\/Tankmelkonderzoek_2x.jpg","datePublished":"2025-11-10T10:47:56+00:00","description":"Der PCR-Test f\u00fcr Tankmilch untersucht Ihre Tankmilch auf das Vorhandensein von DNA aller 15 h\u00e4ufigen Mastitiserreger.","breadcrumb":{"@id":"https:\/\/agripura.com\/de\/product\/forschung-zu-massenmilch\/#breadcrumb"},"inLanguage":"de","potentialAction":[{"@type":"ReadAction","target":["https:\/\/agripura.com\/de\/product\/forschung-zu-massenmilch\/"]}]},{"@type":"ImageObject","inLanguage":"de","@id":"https:\/\/agripura.com\/de\/product\/forschung-zu-massenmilch\/#primaryimage","url":"https:\/\/agripura.com\/wp-content\/uploads\/2025\/09\/Tankmelkonderzoek_2x.jpg","contentUrl":"https:\/\/agripura.com\/wp-content\/uploads\/2025\/09\/Tankmelkonderzoek_2x.jpg","width":1200,"height":1200},{"@type":"BreadcrumbList","@id":"https:\/\/agripura.com\/de\/product\/forschung-zu-massenmilch\/#breadcrumb","itemListElement":[{"@type":"ListItem","position":1,"name":"Home","item":"https:\/\/agripura.com\/de\/"},{"@type":"ListItem","position":2,"name":"Shop","item":"https:\/\/agripura.com\/en\/shop\/"},{"@type":"ListItem","position":3,"name":"Forschung zu Massenmilch"}]},{"@type":"WebSite","@id":"https:\/\/agripura.com\/en\/#website","url":"https:\/\/agripura.com\/en\/","name":"AgriPura B.V","description":"Specialist in agrarische voeradditieven, desinfectie en reinigingsmiddelen","publisher":{"@id":"https:\/\/agripura.com\/en\/#organization"},"potentialAction":[{"@type":"SearchAction","target":{"@type":"EntryPoint","urlTemplate":"https:\/\/agripura.com\/en\/?s={search_term_string}"},"query-input":{"@type":"PropertyValueSpecification","valueRequired":true,"valueName":"search_term_string"}}],"inLanguage":"de"},{"@type":"Organization","@id":"https:\/\/agripura.com\/en\/#organization","name":"AgriPura B.V","url":"https:\/\/agripura.com\/en\/","logo":{"@type":"ImageObject","inLanguage":"de","@id":"https:\/\/agripura.com\/en\/#\/schema\/logo\/image\/","url":"https:\/\/agripura.com\/wp-content\/uploads\/2020\/06\/AgriPura_Logo_web.svg","contentUrl":"https:\/\/agripura.com\/wp-content\/uploads\/2020\/06\/AgriPura_Logo_web.svg","width":180,"height":56,"caption":"AgriPura B.V"},"image":{"@id":"https:\/\/agripura.com\/en\/#\/schema\/logo\/image\/"},"sameAs":["https:\/\/www.linkedin.com\/company\/agripura\/"]}]}},"_links":{"self":[{"href":"https:\/\/agripura.com\/de\/wp-json\/wp\/v2\/product\/4656","targetHints":{"allow":["GET"]}}],"collection":[{"href":"https:\/\/agripura.com\/de\/wp-json\/wp\/v2\/product"}],"about":[{"href":"https:\/\/agripura.com\/de\/wp-json\/wp\/v2\/types\/product"}],"wp:featuredmedia":[{"embeddable":true,"href":"https:\/\/agripura.com\/de\/wp-json\/wp\/v2\/media\/4418"}],"wp:attachment":[{"href":"https:\/\/agripura.com\/de\/wp-json\/wp\/v2\/media?parent=4656"}],"wp:term":[{"taxonomy":"product_brand","embeddable":true,"href":"https:\/\/agripura.com\/de\/wp-json\/wp\/v2\/product_brand?post=4656"},{"taxonomy":"product_cat","embeddable":true,"href":"https:\/\/agripura.com\/de\/wp-json\/wp\/v2\/product_cat?post=4656"},{"taxonomy":"product_tag","embeddable":true,"href":"https:\/\/agripura.com\/de\/wp-json\/wp\/v2\/product_tag?post=4656"}],"curies":[{"name":"wp","href":"https:\/\/api.w.org\/{rel}","templated":true}]}}