{"id":3744,"date":"2022-01-28T17:58:31","date_gmt":"2022-01-28T17:58:31","guid":{"rendered":"https:\/\/agripura.com\/product\/nurovit-bolus\/"},"modified":"2025-05-14T08:36:22","modified_gmt":"2025-05-14T08:36:22","slug":"nurovit-bolus","status":"publish","type":"product","link":"https:\/\/agripura.com\/de\/product\/nurovit-bolus\/","title":{"rendered":"Nurovit Bolus"},"content":{"rendered":"<ul>\n<li>Bolus zur Unterst\u00fctzung bei Azidose\/vermindertem Appetit<\/li>\n<li>Sorgt f\u00fcr eine schnelle Stabilisierung des Pansen-pH-Wertes durch Natriumbicarbonat<\/li>\n<li>Auch ideal f\u00fcr (leichte; Grad 1 und 2) Mastitis, die durch gramnegative Bakterien wie E. coli und Klebsiella verursacht wird<\/li>\n<li>Enth\u00e4lt eine konzentrierte nat\u00fcrliche Form der Schmerzlinderung, die sehr schnell wirkt<\/li>\n<\/ul>\n<p>verpackt zu je 8 St\u00fcck; Kann nur in Vielfachen von 8 bestellt werden<\/p>\n","protected":false},"excerpt":{"rendered":"<p>Bolus zur Unterst\u00fctzung bei Azidose\/vermindertem Appetit Sorgt f\u00fcr eine schnelle Stabilisierung des Pansen-pH-Wertes durch Natriumbicarbonat Auch ideal f\u00fcr (leichte; Grad 1 und 2) Mastitis, die durch gramnegative Bakterien wie E. coli und Klebsiella verursacht wird Enth\u00e4lt eine konzentrierte nat\u00fcrliche Form der Schmerzlinderung, die sehr schnell wirkt verpackt zu je 8 St\u00fcck; Kann nur in Vielfachen&#8230;<\/p>\n","protected":false},"featured_media":4378,"template":"","meta":{"inline_featured_image":false,"_kad_post_transparent":"","_kad_post_title":"","_kad_post_layout":"","_kad_post_sidebar_id":"","_kad_post_content_style":"","_kad_post_vertical_padding":"","_kad_post_feature":"","_kad_post_feature_position":"","_kad_post_header":false,"_kad_post_footer":false,"_kad_post_classname":""},"product_brand":[],"product_cat":[136,120,134],"product_tag":[],"class_list":{"0":"post-3744","1":"product","2":"type-product","3":"status-publish","4":"has-post-thumbnail","6":"product_cat-bolus-de","7":"product_cat-kuh","8":"product_cat-tiergesundheit-und-futtermittelzusatzstoffe","10":"first","11":"instock","12":"shipping-taxable","13":"purchasable","14":"product-type-simple","15":"entry","16":"content-bg","17":"loop-entry"},"yoast_head":"<!-- This site is optimized with the Yoast SEO plugin v27.4 - https:\/\/yoast.com\/product\/yoast-seo-wordpress\/ -->\n<title>Nurovit Bolus - AgriPura B.V<\/title>\n<meta name=\"robots\" content=\"index, follow, max-snippet:-1, max-image-preview:large, max-video-preview:-1\" \/>\n<link rel=\"canonical\" href=\"https:\/\/agripura.com\/de\/product\/nurovit-bolus\/\" \/>\n<meta property=\"og:locale\" content=\"de_DE\" \/>\n<meta property=\"og:type\" content=\"article\" \/>\n<meta property=\"og:title\" content=\"Nurovit Bolus - AgriPura B.V\" \/>\n<meta property=\"og:description\" content=\"Bolus zur Unterst\u00fctzung bei Azidose\/vermindertem Appetit Sorgt f\u00fcr eine schnelle Stabilisierung des Pansen-pH-Wertes durch Natriumbicarbonat Auch ideal f\u00fcr (leichte; Grad 1 und 2) Mastitis, die durch gramnegative Bakterien wie E. coli und Klebsiella verursacht wird Enth\u00e4lt eine konzentrierte nat\u00fcrliche Form der Schmerzlinderung, die sehr schnell wirkt verpackt zu je 8 St\u00fcck; Kann nur in Vielfachen...\" \/>\n<meta property=\"og:url\" content=\"https:\/\/agripura.com\/de\/product\/nurovit-bolus\/\" \/>\n<meta property=\"og:site_name\" content=\"AgriPura B.V\" \/>\n<meta property=\"article:modified_time\" content=\"2025-05-14T08:36:22+00:00\" \/>\n<meta property=\"og:image\" content=\"https:\/\/agripura.com\/wp-content\/uploads\/2022\/01\/Nurovit.png\" \/>\n\t<meta property=\"og:image:width\" content=\"723\" \/>\n\t<meta property=\"og:image:height\" content=\"721\" \/>\n\t<meta property=\"og:image:type\" content=\"image\/png\" \/>\n<meta name=\"twitter:card\" content=\"summary_large_image\" \/>\n<script type=\"application\/ld+json\" class=\"yoast-schema-graph\">{\"@context\":\"https:\\\/\\\/schema.org\",\"@graph\":[{\"@type\":\"WebPage\",\"@id\":\"https:\\\/\\\/agripura.com\\\/de\\\/product\\\/nurovit-bolus\\\/\",\"url\":\"https:\\\/\\\/agripura.com\\\/de\\\/product\\\/nurovit-bolus\\\/\",\"name\":\"Nurovit Bolus - AgriPura B.V\",\"isPartOf\":{\"@id\":\"https:\\\/\\\/agripura.com\\\/en\\\/#website\"},\"primaryImageOfPage\":{\"@id\":\"https:\\\/\\\/agripura.com\\\/de\\\/product\\\/nurovit-bolus\\\/#primaryimage\"},\"image\":{\"@id\":\"https:\\\/\\\/agripura.com\\\/de\\\/product\\\/nurovit-bolus\\\/#primaryimage\"},\"thumbnailUrl\":\"https:\\\/\\\/agripura.com\\\/wp-content\\\/uploads\\\/2022\\\/01\\\/Nurovit.png\",\"datePublished\":\"2022-01-28T17:58:31+00:00\",\"dateModified\":\"2025-05-14T08:36:22+00:00\",\"breadcrumb\":{\"@id\":\"https:\\\/\\\/agripura.com\\\/de\\\/product\\\/nurovit-bolus\\\/#breadcrumb\"},\"inLanguage\":\"de\",\"potentialAction\":[{\"@type\":\"ReadAction\",\"target\":[\"https:\\\/\\\/agripura.com\\\/de\\\/product\\\/nurovit-bolus\\\/\"]}]},{\"@type\":\"ImageObject\",\"inLanguage\":\"de\",\"@id\":\"https:\\\/\\\/agripura.com\\\/de\\\/product\\\/nurovit-bolus\\\/#primaryimage\",\"url\":\"https:\\\/\\\/agripura.com\\\/wp-content\\\/uploads\\\/2022\\\/01\\\/Nurovit.png\",\"contentUrl\":\"https:\\\/\\\/agripura.com\\\/wp-content\\\/uploads\\\/2022\\\/01\\\/Nurovit.png\",\"width\":723,\"height\":721},{\"@type\":\"BreadcrumbList\",\"@id\":\"https:\\\/\\\/agripura.com\\\/de\\\/product\\\/nurovit-bolus\\\/#breadcrumb\",\"itemListElement\":[{\"@type\":\"ListItem\",\"position\":1,\"name\":\"Home\",\"item\":\"https:\\\/\\\/agripura.com\\\/de\\\/\"},{\"@type\":\"ListItem\",\"position\":2,\"name\":\"Shop\",\"item\":\"https:\\\/\\\/agripura.com\\\/en\\\/shop\\\/\"},{\"@type\":\"ListItem\",\"position\":3,\"name\":\"Nurovit Bolus\"}]},{\"@type\":\"WebSite\",\"@id\":\"https:\\\/\\\/agripura.com\\\/en\\\/#website\",\"url\":\"https:\\\/\\\/agripura.com\\\/en\\\/\",\"name\":\"AgriPura B.V\",\"description\":\"Specialist in agrarische voeradditieven, desinfectie en reinigingsmiddelen\",\"publisher\":{\"@id\":\"https:\\\/\\\/agripura.com\\\/en\\\/#organization\"},\"potentialAction\":[{\"@type\":\"SearchAction\",\"target\":{\"@type\":\"EntryPoint\",\"urlTemplate\":\"https:\\\/\\\/agripura.com\\\/en\\\/?s={search_term_string}\"},\"query-input\":{\"@type\":\"PropertyValueSpecification\",\"valueRequired\":true,\"valueName\":\"search_term_string\"}}],\"inLanguage\":\"de\"},{\"@type\":\"Organization\",\"@id\":\"https:\\\/\\\/agripura.com\\\/en\\\/#organization\",\"name\":\"AgriPura B.V\",\"url\":\"https:\\\/\\\/agripura.com\\\/en\\\/\",\"logo\":{\"@type\":\"ImageObject\",\"inLanguage\":\"de\",\"@id\":\"https:\\\/\\\/agripura.com\\\/en\\\/#\\\/schema\\\/logo\\\/image\\\/\",\"url\":\"https:\\\/\\\/agripura.com\\\/wp-content\\\/uploads\\\/2020\\\/06\\\/AgriPura_Logo_web.svg\",\"contentUrl\":\"https:\\\/\\\/agripura.com\\\/wp-content\\\/uploads\\\/2020\\\/06\\\/AgriPura_Logo_web.svg\",\"width\":180,\"height\":56,\"caption\":\"AgriPura B.V\"},\"image\":{\"@id\":\"https:\\\/\\\/agripura.com\\\/en\\\/#\\\/schema\\\/logo\\\/image\\\/\"},\"sameAs\":[\"https:\\\/\\\/www.linkedin.com\\\/company\\\/agripura\\\/\"]}]}<\/script>\n<!-- \/ Yoast SEO plugin. -->","yoast_head_json":{"title":"Nurovit Bolus - AgriPura B.V","robots":{"index":"index","follow":"follow","max-snippet":"max-snippet:-1","max-image-preview":"max-image-preview:large","max-video-preview":"max-video-preview:-1"},"canonical":"https:\/\/agripura.com\/de\/product\/nurovit-bolus\/","og_locale":"de_DE","og_type":"article","og_title":"Nurovit Bolus - AgriPura B.V","og_description":"Bolus zur Unterst\u00fctzung bei Azidose\/vermindertem Appetit Sorgt f\u00fcr eine schnelle Stabilisierung des Pansen-pH-Wertes durch Natriumbicarbonat Auch ideal f\u00fcr (leichte; Grad 1 und 2) Mastitis, die durch gramnegative Bakterien wie E. coli und Klebsiella verursacht wird Enth\u00e4lt eine konzentrierte nat\u00fcrliche Form der Schmerzlinderung, die sehr schnell wirkt verpackt zu je 8 St\u00fcck; Kann nur in Vielfachen...","og_url":"https:\/\/agripura.com\/de\/product\/nurovit-bolus\/","og_site_name":"AgriPura B.V","article_modified_time":"2025-05-14T08:36:22+00:00","og_image":[{"width":723,"height":721,"url":"https:\/\/agripura.com\/wp-content\/uploads\/2022\/01\/Nurovit.png","type":"image\/png"}],"twitter_card":"summary_large_image","schema":{"@context":"https:\/\/schema.org","@graph":[{"@type":"WebPage","@id":"https:\/\/agripura.com\/de\/product\/nurovit-bolus\/","url":"https:\/\/agripura.com\/de\/product\/nurovit-bolus\/","name":"Nurovit Bolus - AgriPura B.V","isPartOf":{"@id":"https:\/\/agripura.com\/en\/#website"},"primaryImageOfPage":{"@id":"https:\/\/agripura.com\/de\/product\/nurovit-bolus\/#primaryimage"},"image":{"@id":"https:\/\/agripura.com\/de\/product\/nurovit-bolus\/#primaryimage"},"thumbnailUrl":"https:\/\/agripura.com\/wp-content\/uploads\/2022\/01\/Nurovit.png","datePublished":"2022-01-28T17:58:31+00:00","dateModified":"2025-05-14T08:36:22+00:00","breadcrumb":{"@id":"https:\/\/agripura.com\/de\/product\/nurovit-bolus\/#breadcrumb"},"inLanguage":"de","potentialAction":[{"@type":"ReadAction","target":["https:\/\/agripura.com\/de\/product\/nurovit-bolus\/"]}]},{"@type":"ImageObject","inLanguage":"de","@id":"https:\/\/agripura.com\/de\/product\/nurovit-bolus\/#primaryimage","url":"https:\/\/agripura.com\/wp-content\/uploads\/2022\/01\/Nurovit.png","contentUrl":"https:\/\/agripura.com\/wp-content\/uploads\/2022\/01\/Nurovit.png","width":723,"height":721},{"@type":"BreadcrumbList","@id":"https:\/\/agripura.com\/de\/product\/nurovit-bolus\/#breadcrumb","itemListElement":[{"@type":"ListItem","position":1,"name":"Home","item":"https:\/\/agripura.com\/de\/"},{"@type":"ListItem","position":2,"name":"Shop","item":"https:\/\/agripura.com\/en\/shop\/"},{"@type":"ListItem","position":3,"name":"Nurovit Bolus"}]},{"@type":"WebSite","@id":"https:\/\/agripura.com\/en\/#website","url":"https:\/\/agripura.com\/en\/","name":"AgriPura B.V","description":"Specialist in agrarische voeradditieven, desinfectie en reinigingsmiddelen","publisher":{"@id":"https:\/\/agripura.com\/en\/#organization"},"potentialAction":[{"@type":"SearchAction","target":{"@type":"EntryPoint","urlTemplate":"https:\/\/agripura.com\/en\/?s={search_term_string}"},"query-input":{"@type":"PropertyValueSpecification","valueRequired":true,"valueName":"search_term_string"}}],"inLanguage":"de"},{"@type":"Organization","@id":"https:\/\/agripura.com\/en\/#organization","name":"AgriPura B.V","url":"https:\/\/agripura.com\/en\/","logo":{"@type":"ImageObject","inLanguage":"de","@id":"https:\/\/agripura.com\/en\/#\/schema\/logo\/image\/","url":"https:\/\/agripura.com\/wp-content\/uploads\/2020\/06\/AgriPura_Logo_web.svg","contentUrl":"https:\/\/agripura.com\/wp-content\/uploads\/2020\/06\/AgriPura_Logo_web.svg","width":180,"height":56,"caption":"AgriPura B.V"},"image":{"@id":"https:\/\/agripura.com\/en\/#\/schema\/logo\/image\/"},"sameAs":["https:\/\/www.linkedin.com\/company\/agripura\/"]}]}},"_links":{"self":[{"href":"https:\/\/agripura.com\/de\/wp-json\/wp\/v2\/product\/3744","targetHints":{"allow":["GET"]}}],"collection":[{"href":"https:\/\/agripura.com\/de\/wp-json\/wp\/v2\/product"}],"about":[{"href":"https:\/\/agripura.com\/de\/wp-json\/wp\/v2\/types\/product"}],"wp:featuredmedia":[{"embeddable":true,"href":"https:\/\/agripura.com\/de\/wp-json\/wp\/v2\/media\/4378"}],"wp:attachment":[{"href":"https:\/\/agripura.com\/de\/wp-json\/wp\/v2\/media?parent=3744"}],"wp:term":[{"taxonomy":"product_brand","embeddable":true,"href":"https:\/\/agripura.com\/de\/wp-json\/wp\/v2\/product_brand?post=3744"},{"taxonomy":"product_cat","embeddable":true,"href":"https:\/\/agripura.com\/de\/wp-json\/wp\/v2\/product_cat?post=3744"},{"taxonomy":"product_tag","embeddable":true,"href":"https:\/\/agripura.com\/de\/wp-json\/wp\/v2\/product_tag?post=3744"}],"curies":[{"name":"wp","href":"https:\/\/api.w.org\/{rel}","templated":true}]}}