{"id":3517,"date":"2024-06-14T07:57:36","date_gmt":"2024-06-14T07:57:36","guid":{"rendered":"https:\/\/agripura.com\/tiergesundheit\/"},"modified":"2024-06-14T07:57:37","modified_gmt":"2024-06-14T07:57:37","slug":"tiergesundheit","status":"publish","type":"page","link":"https:\/\/agripura.com\/de\/tiergesundheit\/","title":{"rendered":"Tiergesundheit"},"content":{"rendered":"\t\t<div data-elementor-type=\"wp-page\" data-elementor-id=\"3517\" class=\"elementor elementor-3517 elementor-2356\" data-elementor-post-type=\"page\">\n\t\t\t\t\t\t<section class=\"elementor-section elementor-top-section elementor-element elementor-element-353d8578 elementor-section-stretched elementor-section-height-min-height elementor-section-content-middle elementor-section-boxed elementor-section-height-default elementor-section-items-middle\" data-id=\"353d8578\" data-element_type=\"section\" data-e-type=\"section\" data-settings=\"{&quot;stretch_section&quot;:&quot;section-stretched&quot;,&quot;background_background&quot;:&quot;slideshow&quot;,&quot;background_slideshow_gallery&quot;:[{&quot;id&quot;:1615,&quot;url&quot;:&quot;https:\\\/\\\/agripura.com\\\/wp-content\\\/uploads\\\/2020\\\/07\\\/Water-2-scaled.jpg&quot;}],&quot;background_slideshow_loop&quot;:&quot;yes&quot;,&quot;background_slideshow_slide_duration&quot;:5000,&quot;background_slideshow_slide_transition&quot;:&quot;fade&quot;,&quot;background_slideshow_transition_duration&quot;:500}\">\n\t\t\t\t\t\t<div class=\"elementor-container elementor-column-gap-default\">\n\t\t\t\t\t<div class=\"elementor-column elementor-col-50 elementor-top-column elementor-element elementor-element-8fe8ca0\" data-id=\"8fe8ca0\" data-element_type=\"column\" data-e-type=\"column\">\n\t\t\t<div class=\"elementor-widget-wrap elementor-element-populated\">\n\t\t\t\t\t\t<div class=\"elementor-element elementor-element-1501159b elementor-widget__width-initial elementor-widget elementor-widget-image\" data-id=\"1501159b\" data-element_type=\"widget\" data-e-type=\"widget\" data-widget_type=\"image.default\">\n\t\t\t\t<div class=\"elementor-widget-container\">\n\t\t\t\t\t\t\t\t\t\t\t\t\t\t\t\t<a href=\"https:\/\/agripura.toebesontwerp.nl\/\">\n\t\t\t\t\t\t\t<img fetchpriority=\"high\" decoding=\"async\" width=\"1024\" height=\"1024\" src=\"https:\/\/agripura.com\/wp-content\/uploads\/2020\/06\/LabelWater.svg\" class=\"attachment-large size-large wp-image-1456\" alt=\"\" \/>\t\t\t\t\t\t\t\t<\/a>\n\t\t\t\t\t\t\t\t\t\t\t\t\t\t\t<\/div>\n\t\t\t\t<\/div>\n\t\t\t\t\t<\/div>\n\t\t<\/div>\n\t\t\t\t<div class=\"elementor-column elementor-col-50 elementor-top-column elementor-element elementor-element-6f44d808\" data-id=\"6f44d808\" data-element_type=\"column\" data-e-type=\"column\">\n\t\t\t<div class=\"elementor-widget-wrap elementor-element-populated\">\n\t\t\t\t\t\t<div class=\"elementor-element elementor-element-de9bad8 elementor-widget elementor-widget-heading\" data-id=\"de9bad8\" data-element_type=\"widget\" data-e-type=\"widget\" data-widget_type=\"heading.default\">\n\t\t\t\t<div class=\"elementor-widget-container\">\n\t\t\t\t\t<h2 class=\"elementor-heading-title elementor-size-default\">Trinkwasser<\/h2>\t\t\t\t<\/div>\n\t\t\t\t<\/div>\n\t\t\t\t\t<\/div>\n\t\t<\/div>\n\t\t\t\t\t<\/div>\n\t\t<\/section>\n\t\t\t\t<section class=\"elementor-section elementor-top-section elementor-element elementor-element-9c51f2d elementor-section-height-min-height elementor-section-boxed elementor-section-height-default elementor-section-items-middle\" data-id=\"9c51f2d\" data-element_type=\"section\" data-e-type=\"section\" data-settings=\"{&quot;background_background&quot;:&quot;classic&quot;}\">\n\t\t\t\t\t\t<div class=\"elementor-container elementor-column-gap-default\">\n\t\t\t\t\t<div class=\"elementor-column elementor-col-50 elementor-top-column elementor-element elementor-element-80911be\" data-id=\"80911be\" data-element_type=\"column\" data-e-type=\"column\">\n\t\t\t<div class=\"elementor-widget-wrap elementor-element-populated\">\n\t\t\t\t\t\t<div class=\"elementor-element elementor-element-2c9170f elementor-widget elementor-widget-heading\" data-id=\"2c9170f\" data-element_type=\"widget\" data-e-type=\"widget\" data-widget_type=\"heading.default\">\n\t\t\t\t<div class=\"elementor-widget-container\">\n\t\t\t\t\t<h2 class=\"elementor-heading-title elementor-size-default\">Produkte<\/h2>\t\t\t\t<\/div>\n\t\t\t\t<\/div>\n\t\t\t\t\t<\/div>\n\t\t<\/div>\n\t\t\t\t<div class=\"elementor-column elementor-col-50 elementor-top-column elementor-element elementor-element-c9a9050\" data-id=\"c9a9050\" data-element_type=\"column\" data-e-type=\"column\">\n\t\t\t<div class=\"elementor-widget-wrap elementor-element-populated\">\n\t\t\t\t\t\t<div class=\"elementor-element elementor-element-31dd296 elementor-nav-menu__align-end elementor-nav-menu--stretch elementor-nav-menu--dropdown-tablet elementor-nav-menu__text-align-aside elementor-nav-menu--toggle elementor-nav-menu--burger elementor-widget elementor-widget-nav-menu\" data-id=\"31dd296\" data-element_type=\"widget\" data-e-type=\"widget\" data-settings=\"{&quot;full_width&quot;:&quot;stretch&quot;,&quot;submenu_icon&quot;:{&quot;value&quot;:&quot;&lt;i class=\\&quot;\\&quot; aria-hidden=\\&quot;true\\&quot;&gt;&lt;\\\/i&gt;&quot;,&quot;library&quot;:&quot;&quot;},&quot;layout&quot;:&quot;horizontal&quot;,&quot;toggle&quot;:&quot;burger&quot;}\" data-widget_type=\"nav-menu.default\">\n\t\t\t\t<div class=\"elementor-widget-container\">\n\t\t\t\t\t\t\t\t<nav aria-label=\"Men\u00fc\" class=\"elementor-nav-menu--main elementor-nav-menu__container elementor-nav-menu--layout-horizontal e--pointer-background e--animation-none\">\n\t\t\t\t<ul id=\"menu-1-31dd296\" class=\"elementor-nav-menu\"><li class=\"menu-item menu-item-type-post_type menu-item-object-page menu-item-2373\"><a href=\"https:\/\/agripura.com\/hygiene\/\" class=\"elementor-item\">Hygiene<\/a><\/li>\n<li class=\"menu-item menu-item-type-post_type menu-item-object-page menu-item-1365\"><a href=\"https:\/\/agripura.com\/voeradditieven\/\" class=\"elementor-item\">Futtermittelzusatzstoffe<\/a><\/li>\n<li class=\"menu-item menu-item-type-post_type menu-item-object-page menu-item-2374\"><a href=\"https:\/\/agripura.com\/diergezondheid\/\" class=\"elementor-item\">Tiergesundheit<\/a><\/li>\n<\/ul>\t\t\t<\/nav>\n\t\t\t\t\t<div class=\"elementor-menu-toggle\" role=\"button\" tabindex=\"0\" aria-label=\"Men\u00fc Umschalter\" aria-expanded=\"false\">\n\t\t\t<i aria-hidden=\"true\" role=\"presentation\" class=\"elementor-menu-toggle__icon--open eicon-menu-bar\"><\/i><i aria-hidden=\"true\" role=\"presentation\" class=\"elementor-menu-toggle__icon--close eicon-close\"><\/i>\t\t<\/div>\n\t\t\t\t\t<nav class=\"elementor-nav-menu--dropdown elementor-nav-menu__container\" aria-hidden=\"true\">\n\t\t\t\t<ul id=\"menu-2-31dd296\" class=\"elementor-nav-menu\"><li class=\"menu-item menu-item-type-post_type menu-item-object-page menu-item-2373\"><a href=\"https:\/\/agripura.com\/hygiene\/\" class=\"elementor-item\" tabindex=\"-1\">Hygiene<\/a><\/li>\n<li class=\"menu-item menu-item-type-post_type menu-item-object-page menu-item-1365\"><a href=\"https:\/\/agripura.com\/voeradditieven\/\" class=\"elementor-item\" tabindex=\"-1\">Futtermittelzusatzstoffe<\/a><\/li>\n<li class=\"menu-item menu-item-type-post_type menu-item-object-page menu-item-2374\"><a href=\"https:\/\/agripura.com\/diergezondheid\/\" class=\"elementor-item\" tabindex=\"-1\">Tiergesundheit<\/a><\/li>\n<\/ul>\t\t\t<\/nav>\n\t\t\t\t\t\t<\/div>\n\t\t\t\t<\/div>\n\t\t\t\t\t<\/div>\n\t\t<\/div>\n\t\t\t\t\t<\/div>\n\t\t<\/section>\n\t\t\t\t<section class=\"elementor-section elementor-top-section elementor-element elementor-element-1fb6039 elementor-section-boxed elementor-section-height-default elementor-section-height-default\" data-id=\"1fb6039\" data-element_type=\"section\" data-e-type=\"section\">\n\t\t\t\t\t\t<div class=\"elementor-container elementor-column-gap-default\">\n\t\t\t\t\t<div class=\"elementor-column elementor-col-50 elementor-top-column elementor-element elementor-element-218d552\" data-id=\"218d552\" data-element_type=\"column\" data-e-type=\"column\">\n\t\t\t<div class=\"elementor-widget-wrap elementor-element-populated\">\n\t\t\t\t\t\t<div class=\"elementor-element elementor-element-6801291 elementor-widget elementor-widget-image\" data-id=\"6801291\" data-element_type=\"widget\" data-e-type=\"widget\" data-widget_type=\"image.default\">\n\t\t\t\t<div class=\"elementor-widget-container\">\n\t\t\t\t\t\t\t\t\t\t\t\t\t\t\t<img decoding=\"async\" width=\"790\" height=\"908\" src=\"https:\/\/agripura.com\/wp-content\/uploads\/2020\/07\/Water_Protect.jpg\" class=\"attachment-large size-large wp-image-3494\" alt=\"\" srcset=\"https:\/\/agripura.com\/wp-content\/uploads\/2020\/07\/Water_Protect.jpg 790w, https:\/\/agripura.com\/wp-content\/uploads\/2020\/07\/Water_Protect-600x690.jpg 600w, https:\/\/agripura.com\/wp-content\/uploads\/2020\/07\/Water_Protect-261x300.jpg 261w, https:\/\/agripura.com\/wp-content\/uploads\/2020\/07\/Water_Protect-768x883.jpg 768w\" sizes=\"(max-width: 790px) 100vw, 790px\" \/>\t\t\t\t\t\t\t\t\t\t\t\t\t\t\t<\/div>\n\t\t\t\t<\/div>\n\t\t\t\t\t<\/div>\n\t\t<\/div>\n\t\t\t\t<div class=\"elementor-column elementor-col-50 elementor-top-column elementor-element elementor-element-38fca69\" data-id=\"38fca69\" data-element_type=\"column\" data-e-type=\"column\">\n\t\t\t<div class=\"elementor-widget-wrap elementor-element-populated\">\n\t\t\t\t\t\t<div class=\"elementor-element elementor-element-131dae0f elementor-widget elementor-widget-heading\" data-id=\"131dae0f\" data-element_type=\"widget\" data-e-type=\"widget\" data-widget_type=\"heading.default\">\n\t\t\t\t<div class=\"elementor-widget-container\">\n\t\t\t\t\t<h2 class=\"elementor-heading-title elementor-size-default\">AgriPura Water Protect (fl\u00fcssig)  <\/h2>\t\t\t\t<\/div>\n\t\t\t\t<\/div>\n\t\t\t\t<div class=\"elementor-element elementor-element-4ef2d7b elementor-widget elementor-widget-heading\" data-id=\"4ef2d7b\" data-element_type=\"widget\" data-e-type=\"widget\" data-widget_type=\"heading.default\">\n\t\t\t\t<div class=\"elementor-widget-container\">\n\t\t\t\t\t<h2 class=\"elementor-heading-title elementor-size-default\">AgriPura Water Protect (fl\u00fcssig)  <\/h2>\t\t\t\t<\/div>\n\t\t\t\t<\/div>\n\t\t\t\t<div class=\"elementor-element elementor-element-52a2d4b9 elementor-widget elementor-widget-text-editor\" data-id=\"52a2d4b9\" data-element_type=\"widget\" data-e-type=\"widget\" data-widget_type=\"text-editor.default\">\n\t\t\t\t<div class=\"elementor-widget-container\">\n\t\t\t\t\t\t\t\t\t<ul>\n<li>Ideales Produkt f\u00fcr sicheres und schmackhaftes Trinkwasser<\/li>\n<li>Intelligentes Produkt, pH-Wert geht auf 4<\/li>\n<li>Regt au\u00dferdem die Eiwei\u00dfverdauung des Tieres an<\/li>\n<\/ul>\n\t\t\t\t\t\t\t\t<\/div>\n\t\t\t\t<\/div>\n\t\t\t\t<div class=\"elementor-element elementor-element-73f3f4e elementor-widget elementor-widget-text-editor\" data-id=\"73f3f4e\" data-element_type=\"widget\" data-e-type=\"widget\" data-widget_type=\"text-editor.default\">\n\t\t\t\t<div class=\"elementor-widget-container\">\n\t\t\t\t\t\t\t\t\t<ul>\n \t<li>Ideales Produkt f\u00fcr sicheres und schmackhaftes Trinkwasser<\/li>\n \t<li>Intelligentes Produkt, pH-Wert geht auf 4<\/li>\n \t<li>Regt au\u00dferdem die Eiwei\u00dfverdauung des Tieres an<\/li>\n<\/ul>\t\t\t\t\t\t\t\t<\/div>\n\t\t\t\t<\/div>\n\t\t\t\t<div class=\"elementor-element elementor-element-43eabdb elementor-align-left elementor-widget elementor-widget-button\" data-id=\"43eabdb\" data-element_type=\"widget\" data-e-type=\"widget\" data-widget_type=\"button.default\">\n\t\t\t\t<div class=\"elementor-widget-container\">\n\t\t\t\t\t\t\t\t\t<div class=\"elementor-button-wrapper\">\n\t\t\t\t\t<a class=\"elementor-button elementor-button-link elementor-size-sm\" href=\"https:\/\/agripura.com\/wp-content\/uploads\/2020\/07\/WATER-PROTECT.pdf\" target=\"_blank\">\n\t\t\t\t\t\t<span class=\"elementor-button-content-wrapper\">\n\t\t\t\t\t\t<span class=\"elementor-button-icon\">\n\t\t\t\t<i aria-hidden=\"true\" class=\"fas fa-chevron-right\"><\/i>\t\t\t<\/span>\n\t\t\t\t\t\t\t\t\t<span class=\"elementor-button-text\">Mehr Info<\/span>\n\t\t\t\t\t<\/span>\n\t\t\t\t\t<\/a>\n\t\t\t\t<\/div>\n\t\t\t\t\t\t\t\t<\/div>\n\t\t\t\t<\/div>\n\t\t\t\t<div class=\"elementor-element elementor-element-56aea60 elementor-align-left elementor-widget elementor-widget-button\" data-id=\"56aea60\" data-element_type=\"widget\" data-e-type=\"widget\" data-widget_type=\"button.default\">\n\t\t\t\t<div class=\"elementor-widget-container\">\n\t\t\t\t\t\t\t\t\t<div class=\"elementor-button-wrapper\">\n\t\t\t\t\t<a class=\"elementor-button elementor-button-link elementor-size-sm\" href=\"https:\/\/agripura.com\/wp-content\/uploads\/2020\/07\/Label_Drinkingwater_bewerkbaar_UK-AgriPura-Water-Protect-ENG.pdf\" target=\"_blank\">\n\t\t\t\t\t\t<span class=\"elementor-button-content-wrapper\">\n\t\t\t\t\t\t<span class=\"elementor-button-icon\">\n\t\t\t\t<i aria-hidden=\"true\" class=\"fas fa-chevron-right\"><\/i>\t\t\t<\/span>\n\t\t\t\t\t\t\t\t\t<span class=\"elementor-button-text\">Mehr Info<\/span>\n\t\t\t\t\t<\/span>\n\t\t\t\t\t<\/a>\n\t\t\t\t<\/div>\n\t\t\t\t\t\t\t\t<\/div>\n\t\t\t\t<\/div>\n\t\t\t\t\t<\/div>\n\t\t<\/div>\n\t\t\t\t\t<\/div>\n\t\t<\/section>\n\t\t\t\t<section class=\"elementor-section elementor-top-section elementor-element elementor-element-c18e7a2 elementor-section-height-min-height elementor-section-boxed elementor-section-height-default elementor-section-items-middle\" data-id=\"c18e7a2\" data-element_type=\"section\" data-e-type=\"section\" data-settings=\"{&quot;background_background&quot;:&quot;slideshow&quot;,&quot;background_slideshow_gallery&quot;:[{&quot;id&quot;:1280,&quot;url&quot;:&quot;https:\\\/\\\/agripura.com\\\/wp-content\\\/uploads\\\/2020\\\/06\\\/Graan_Footer-1-scaled.jpg&quot;}],&quot;background_slideshow_slide_transition&quot;:&quot;fade&quot;,&quot;background_slideshow_transition_duration&quot;:500}\">\n\t\t\t\t\t\t<div class=\"elementor-container elementor-column-gap-default\">\n\t\t\t\t\t<div class=\"elementor-column elementor-col-100 elementor-top-column elementor-element elementor-element-7ea8255\" data-id=\"7ea8255\" data-element_type=\"column\" data-e-type=\"column\">\n\t\t\t<div class=\"elementor-widget-wrap\">\n\t\t\t\t\t\t\t<\/div>\n\t\t<\/div>\n\t\t\t\t\t<\/div>\n\t\t<\/section>\n\t\t\t\t<\/div>\n\t\t","protected":false},"excerpt":{"rendered":"<p>Trinkwasser Produkte AgriPura Water Protect (fl\u00fcssig) AgriPura Water Protect (fl\u00fcssig) Ideales Produkt f\u00fcr sicheres und schmackhaftes Trinkwasser Intelligentes Produkt, pH-Wert geht auf 4 Regt au\u00dferdem die Eiwei\u00dfverdauung des Tieres an Ideales Produkt f\u00fcr sicheres und schmackhaftes Trinkwasser Intelligentes Produkt, pH-Wert geht auf 4 Regt au\u00dferdem die Eiwei\u00dfverdauung des Tieres an Mehr Info Mehr Info<\/p>\n","protected":false},"author":1,"featured_media":0,"parent":0,"menu_order":0,"comment_status":"closed","ping_status":"closed","template":"elementor_header_footer","meta":{"inline_featured_image":false,"_kad_post_transparent":"","_kad_post_title":"","_kad_post_layout":"","_kad_post_sidebar_id":"","_kad_post_content_style":"","_kad_post_vertical_padding":"","_kad_post_feature":"","_kad_post_feature_position":"","_kad_post_header":false,"_kad_post_footer":false,"_kad_post_classname":"","footnotes":""},"class_list":["post-3517","page","type-page","status-publish","hentry"],"yoast_head":"<!-- This site is optimized with the Yoast SEO plugin v27.2 - https:\/\/yoast.com\/product\/yoast-seo-wordpress\/ -->\n<title>Tiergesundheit - AgriPura B.V<\/title>\n<meta name=\"robots\" content=\"index, follow, max-snippet:-1, max-image-preview:large, max-video-preview:-1\" \/>\n<link rel=\"canonical\" href=\"https:\/\/agripura.com\/de\/tiergesundheit\/\" \/>\n<meta property=\"og:locale\" content=\"de_DE\" \/>\n<meta property=\"og:type\" content=\"article\" \/>\n<meta property=\"og:title\" content=\"Tiergesundheit - AgriPura B.V\" \/>\n<meta property=\"og:description\" content=\"Trinkwasser Produkte AgriPura Water Protect (fl\u00fcssig) AgriPura Water Protect (fl\u00fcssig) Ideales Produkt f\u00fcr sicheres und schmackhaftes Trinkwasser Intelligentes Produkt, pH-Wert geht auf 4 Regt au\u00dferdem die Eiwei\u00dfverdauung des Tieres an Ideales Produkt f\u00fcr sicheres und schmackhaftes Trinkwasser Intelligentes Produkt, pH-Wert geht auf 4 Regt au\u00dferdem die Eiwei\u00dfverdauung des Tieres an Mehr Info Mehr Info\" \/>\n<meta property=\"og:url\" content=\"https:\/\/agripura.com\/de\/tiergesundheit\/\" \/>\n<meta property=\"og:site_name\" content=\"AgriPura B.V\" \/>\n<meta property=\"article:modified_time\" content=\"2024-06-14T07:57:37+00:00\" \/>\n<meta property=\"og:image\" content=\"https:\/\/agripura.com\/wp-content\/uploads\/2020\/06\/LabelWater.svg\" \/>\n<meta name=\"twitter:card\" content=\"summary_large_image\" \/>\n<script type=\"application\/ld+json\" class=\"yoast-schema-graph\">{\"@context\":\"https:\/\/schema.org\",\"@graph\":[{\"@type\":\"WebPage\",\"@id\":\"https:\/\/agripura.com\/de\/tiergesundheit\/\",\"url\":\"https:\/\/agripura.com\/de\/tiergesundheit\/\",\"name\":\"Tiergesundheit - AgriPura B.V\",\"isPartOf\":{\"@id\":\"https:\/\/agripura.com\/en\/#website\"},\"primaryImageOfPage\":{\"@id\":\"https:\/\/agripura.com\/de\/tiergesundheit\/#primaryimage\"},\"image\":{\"@id\":\"https:\/\/agripura.com\/de\/tiergesundheit\/#primaryimage\"},\"thumbnailUrl\":\"https:\/\/agripura.com\/wp-content\/uploads\/2020\/06\/LabelWater.svg\",\"datePublished\":\"2024-06-14T07:57:36+00:00\",\"dateModified\":\"2024-06-14T07:57:37+00:00\",\"breadcrumb\":{\"@id\":\"https:\/\/agripura.com\/de\/tiergesundheit\/#breadcrumb\"},\"inLanguage\":\"de\",\"potentialAction\":[{\"@type\":\"ReadAction\",\"target\":[\"https:\/\/agripura.com\/de\/tiergesundheit\/\"]}]},{\"@type\":\"ImageObject\",\"inLanguage\":\"de\",\"@id\":\"https:\/\/agripura.com\/de\/tiergesundheit\/#primaryimage\",\"url\":\"https:\/\/agripura.com\/wp-content\/uploads\/2020\/06\/LabelWater.svg\",\"contentUrl\":\"https:\/\/agripura.com\/wp-content\/uploads\/2020\/06\/LabelWater.svg\"},{\"@type\":\"BreadcrumbList\",\"@id\":\"https:\/\/agripura.com\/de\/tiergesundheit\/#breadcrumb\",\"itemListElement\":[{\"@type\":\"ListItem\",\"position\":1,\"name\":\"Home\",\"item\":\"https:\/\/agripura.com\/de\/\"},{\"@type\":\"ListItem\",\"position\":2,\"name\":\"Tiergesundheit\"}]},{\"@type\":\"WebSite\",\"@id\":\"https:\/\/agripura.com\/en\/#website\",\"url\":\"https:\/\/agripura.com\/en\/\",\"name\":\"AgriPura B.V\",\"description\":\"Specialist in agrarische voeradditieven, desinfectie en reinigingsmiddelen\",\"publisher\":{\"@id\":\"https:\/\/agripura.com\/en\/#organization\"},\"potentialAction\":[{\"@type\":\"SearchAction\",\"target\":{\"@type\":\"EntryPoint\",\"urlTemplate\":\"https:\/\/agripura.com\/en\/?s={search_term_string}\"},\"query-input\":{\"@type\":\"PropertyValueSpecification\",\"valueRequired\":true,\"valueName\":\"search_term_string\"}}],\"inLanguage\":\"de\"},{\"@type\":\"Organization\",\"@id\":\"https:\/\/agripura.com\/en\/#organization\",\"name\":\"AgriPura B.V\",\"url\":\"https:\/\/agripura.com\/en\/\",\"logo\":{\"@type\":\"ImageObject\",\"inLanguage\":\"de\",\"@id\":\"https:\/\/agripura.com\/en\/#\/schema\/logo\/image\/\",\"url\":\"https:\/\/agripura.com\/wp-content\/uploads\/2020\/06\/AgriPura_Logo_web.svg\",\"contentUrl\":\"https:\/\/agripura.com\/wp-content\/uploads\/2020\/06\/AgriPura_Logo_web.svg\",\"width\":180,\"height\":56,\"caption\":\"AgriPura B.V\"},\"image\":{\"@id\":\"https:\/\/agripura.com\/en\/#\/schema\/logo\/image\/\"},\"sameAs\":[\"https:\/\/www.linkedin.com\/company\/agripura\/\"]}]}<\/script>\n<!-- \/ Yoast SEO plugin. -->","yoast_head_json":{"title":"Tiergesundheit - AgriPura B.V","robots":{"index":"index","follow":"follow","max-snippet":"max-snippet:-1","max-image-preview":"max-image-preview:large","max-video-preview":"max-video-preview:-1"},"canonical":"https:\/\/agripura.com\/de\/tiergesundheit\/","og_locale":"de_DE","og_type":"article","og_title":"Tiergesundheit - AgriPura B.V","og_description":"Trinkwasser Produkte AgriPura Water Protect (fl\u00fcssig) AgriPura Water Protect (fl\u00fcssig) Ideales Produkt f\u00fcr sicheres und schmackhaftes Trinkwasser Intelligentes Produkt, pH-Wert geht auf 4 Regt au\u00dferdem die Eiwei\u00dfverdauung des Tieres an Ideales Produkt f\u00fcr sicheres und schmackhaftes Trinkwasser Intelligentes Produkt, pH-Wert geht auf 4 Regt au\u00dferdem die Eiwei\u00dfverdauung des Tieres an Mehr Info Mehr Info","og_url":"https:\/\/agripura.com\/de\/tiergesundheit\/","og_site_name":"AgriPura B.V","article_modified_time":"2024-06-14T07:57:37+00:00","og_image":[{"url":"https:\/\/agripura.com\/wp-content\/uploads\/2020\/06\/LabelWater.svg","type":"","width":"","height":""}],"twitter_card":"summary_large_image","schema":{"@context":"https:\/\/schema.org","@graph":[{"@type":"WebPage","@id":"https:\/\/agripura.com\/de\/tiergesundheit\/","url":"https:\/\/agripura.com\/de\/tiergesundheit\/","name":"Tiergesundheit - AgriPura B.V","isPartOf":{"@id":"https:\/\/agripura.com\/en\/#website"},"primaryImageOfPage":{"@id":"https:\/\/agripura.com\/de\/tiergesundheit\/#primaryimage"},"image":{"@id":"https:\/\/agripura.com\/de\/tiergesundheit\/#primaryimage"},"thumbnailUrl":"https:\/\/agripura.com\/wp-content\/uploads\/2020\/06\/LabelWater.svg","datePublished":"2024-06-14T07:57:36+00:00","dateModified":"2024-06-14T07:57:37+00:00","breadcrumb":{"@id":"https:\/\/agripura.com\/de\/tiergesundheit\/#breadcrumb"},"inLanguage":"de","potentialAction":[{"@type":"ReadAction","target":["https:\/\/agripura.com\/de\/tiergesundheit\/"]}]},{"@type":"ImageObject","inLanguage":"de","@id":"https:\/\/agripura.com\/de\/tiergesundheit\/#primaryimage","url":"https:\/\/agripura.com\/wp-content\/uploads\/2020\/06\/LabelWater.svg","contentUrl":"https:\/\/agripura.com\/wp-content\/uploads\/2020\/06\/LabelWater.svg"},{"@type":"BreadcrumbList","@id":"https:\/\/agripura.com\/de\/tiergesundheit\/#breadcrumb","itemListElement":[{"@type":"ListItem","position":1,"name":"Home","item":"https:\/\/agripura.com\/de\/"},{"@type":"ListItem","position":2,"name":"Tiergesundheit"}]},{"@type":"WebSite","@id":"https:\/\/agripura.com\/en\/#website","url":"https:\/\/agripura.com\/en\/","name":"AgriPura B.V","description":"Specialist in agrarische voeradditieven, desinfectie en reinigingsmiddelen","publisher":{"@id":"https:\/\/agripura.com\/en\/#organization"},"potentialAction":[{"@type":"SearchAction","target":{"@type":"EntryPoint","urlTemplate":"https:\/\/agripura.com\/en\/?s={search_term_string}"},"query-input":{"@type":"PropertyValueSpecification","valueRequired":true,"valueName":"search_term_string"}}],"inLanguage":"de"},{"@type":"Organization","@id":"https:\/\/agripura.com\/en\/#organization","name":"AgriPura B.V","url":"https:\/\/agripura.com\/en\/","logo":{"@type":"ImageObject","inLanguage":"de","@id":"https:\/\/agripura.com\/en\/#\/schema\/logo\/image\/","url":"https:\/\/agripura.com\/wp-content\/uploads\/2020\/06\/AgriPura_Logo_web.svg","contentUrl":"https:\/\/agripura.com\/wp-content\/uploads\/2020\/06\/AgriPura_Logo_web.svg","width":180,"height":56,"caption":"AgriPura B.V"},"image":{"@id":"https:\/\/agripura.com\/en\/#\/schema\/logo\/image\/"},"sameAs":["https:\/\/www.linkedin.com\/company\/agripura\/"]}]}},"_links":{"self":[{"href":"https:\/\/agripura.com\/de\/wp-json\/wp\/v2\/pages\/3517","targetHints":{"allow":["GET"]}}],"collection":[{"href":"https:\/\/agripura.com\/de\/wp-json\/wp\/v2\/pages"}],"about":[{"href":"https:\/\/agripura.com\/de\/wp-json\/wp\/v2\/types\/page"}],"author":[{"embeddable":true,"href":"https:\/\/agripura.com\/de\/wp-json\/wp\/v2\/users\/1"}],"replies":[{"embeddable":true,"href":"https:\/\/agripura.com\/de\/wp-json\/wp\/v2\/comments?post=3517"}],"version-history":[{"count":1,"href":"https:\/\/agripura.com\/de\/wp-json\/wp\/v2\/pages\/3517\/revisions"}],"predecessor-version":[{"id":3519,"href":"https:\/\/agripura.com\/de\/wp-json\/wp\/v2\/pages\/3517\/revisions\/3519"}],"wp:attachment":[{"href":"https:\/\/agripura.com\/de\/wp-json\/wp\/v2\/media?parent=3517"}],"curies":[{"name":"wp","href":"https:\/\/api.w.org\/{rel}","templated":true}]}}