{"id":4149,"date":"2025-06-19T16:09:06","date_gmt":"2025-06-19T16:09:06","guid":{"rendered":"https:\/\/agripura.com\/?post_type=product&#038;p=4149"},"modified":"2025-09-06T12:51:20","modified_gmt":"2025-09-06T12:51:20","slug":"jupiter-ai","status":"publish","type":"product","link":"https:\/\/agripura.com\/da\/product\/jupiter-ai\/","title":{"rendered":"Jupiter-AI"},"content":{"rendered":"<p>Innovativ mastitisdetektion til malkekv\u00e6gsbedrifter<\/p>\n<p>Jupiter-testen tilbyder en effektiv m\u00e5de at identificere de bakterier, der for\u00e5rsager yverbet\u00e6ndelse hos dine k\u00f8er. Denne avancerede metode giver hurtig og pr\u00e6cis indsigt i \u00e5rsagerne til yverbet\u00e6ndelse. Jupiter bruger avanceret kunstig intelligens til at identificere bakterier og leverer p\u00e5lidelige analyser direkte p\u00e5 vores brugervenlige dashboard.<br \/>\nVed at kombinere testen med andre forskningsresultater kan du tr\u00e6ffe informerede beslutninger om de bedste behandlingsmuligheder for din bes\u00e6tning.  <\/p>\n<p>Komplet starts\u00e6t: \u20ac1500<br \/>\n1. Jupiter-analysator<br \/>\n2. Inkubator<br \/>\n3. Alle n\u00f8dvendige materialer<\/p>\n<p>Interesseret i at udforske Jupiters potentiale for din specifikke virksomhed? Kontakt os for en gratis konsultation. Vores eksperter er klar til at besvare dine sp\u00f8rgsm\u00e5l og r\u00e5dgive dig om den bedste tilgang til din virksomhed.<br \/>\nPris pr. test: 12,50 \u20ac  <\/p>\n","protected":false},"excerpt":{"rendered":"<ul>\n<li>Kombination af organiske syrer med mellemk\u00e6dede fedtsyrer<\/li>\n<li>Virker mod b\u00e5de gram-negative og gram-positive bakterier<\/li>\n<\/ul>\n","protected":false},"featured_media":4022,"template":"","meta":{"inline_featured_image":false,"_kad_post_transparent":"default","_kad_post_title":"","_kad_post_layout":"default","_kad_post_sidebar_id":"","_kad_post_content_style":"default","_kad_post_vertical_padding":"default","_kad_post_feature":"","_kad_post_feature_position":"","_kad_post_header":false,"_kad_post_footer":false,"_kad_post_classname":""},"product_brand":[],"product_cat":[164,141,121,139],"product_tag":[],"class_list":{"0":"post-4149","1":"product","2":"type-product","3":"status-publish","4":"has-post-thumbnail","6":"product_cat-diagnostik","7":"product_cat-dyresundhed-og-fodertilsaetningsstoffer-da-2","8":"product_cat-ko","9":"product_cat-svin","11":"first","12":"instock","13":"shipping-taxable","14":"purchasable","15":"product-type-simple","16":"entry","17":"content-bg","18":"loop-entry"},"yoast_head":"<!-- This site is optimized with the Yoast SEO plugin v27.4 - https:\/\/yoast.com\/product\/yoast-seo-wordpress\/ -->\n<title>Jupiter-AI - AgriPura B.V<\/title>\n<meta name=\"description\" content=\"Jupiter-testen tilbyder en effektiv m\u00e5de at identificere de bakterier, der for\u00e5rsager mastitis hos dine k\u00f8er. Denne avancerede metode giver hurtig og pr\u00e6cis indsigt i \u00e5rsagerne til mastitis.\" \/>\n<meta name=\"robots\" content=\"index, follow, max-snippet:-1, max-image-preview:large, max-video-preview:-1\" \/>\n<link rel=\"canonical\" href=\"https:\/\/agripura.com\/da\/product\/jupiter-ai\/\" \/>\n<meta property=\"og:locale\" content=\"da_DK\" \/>\n<meta property=\"og:type\" content=\"article\" \/>\n<meta property=\"og:title\" content=\"Jupiter-AI - AgriPura B.V\" \/>\n<meta property=\"og:description\" content=\"Jupiter-testen tilbyder en effektiv m\u00e5de at identificere de bakterier, der for\u00e5rsager mastitis hos dine k\u00f8er. Denne avancerede metode giver hurtig og pr\u00e6cis indsigt i \u00e5rsagerne til mastitis.\" \/>\n<meta property=\"og:url\" content=\"https:\/\/agripura.com\/da\/product\/jupiter-ai\/\" \/>\n<meta property=\"og:site_name\" content=\"AgriPura B.V\" \/>\n<meta property=\"article:modified_time\" content=\"2025-09-06T12:51:20+00:00\" \/>\n<meta name=\"twitter:card\" content=\"summary_large_image\" \/>\n<meta name=\"twitter:label1\" content=\"Estimeret l\u00e6setid\" \/>\n\t<meta name=\"twitter:data1\" content=\"1 minut\" \/>\n<script type=\"application\/ld+json\" class=\"yoast-schema-graph\">{\"@context\":\"https:\\\/\\\/schema.org\",\"@graph\":[{\"@type\":\"WebPage\",\"@id\":\"https:\\\/\\\/agripura.com\\\/da\\\/product\\\/jupiter-ai\\\/\",\"url\":\"https:\\\/\\\/agripura.com\\\/da\\\/product\\\/jupiter-ai\\\/\",\"name\":\"Jupiter-AI - AgriPura B.V\",\"isPartOf\":{\"@id\":\"https:\\\/\\\/agripura.com\\\/en\\\/#website\"},\"primaryImageOfPage\":{\"@id\":\"https:\\\/\\\/agripura.com\\\/da\\\/product\\\/jupiter-ai\\\/#primaryimage\"},\"image\":{\"@id\":\"https:\\\/\\\/agripura.com\\\/da\\\/product\\\/jupiter-ai\\\/#primaryimage\"},\"thumbnailUrl\":\"https:\\\/\\\/agripura.com\\\/wp-content\\\/uploads\\\/2025\\\/05\\\/Jupiter.jpg\",\"datePublished\":\"2025-06-19T16:09:06+00:00\",\"dateModified\":\"2025-09-06T12:51:20+00:00\",\"description\":\"Jupiter-testen tilbyder en effektiv m\u00e5de at identificere de bakterier, der for\u00e5rsager mastitis hos dine k\u00f8er. Denne avancerede metode giver hurtig og pr\u00e6cis indsigt i \u00e5rsagerne til mastitis.\",\"breadcrumb\":{\"@id\":\"https:\\\/\\\/agripura.com\\\/da\\\/product\\\/jupiter-ai\\\/#breadcrumb\"},\"inLanguage\":\"da-DK\",\"potentialAction\":[{\"@type\":\"ReadAction\",\"target\":[\"https:\\\/\\\/agripura.com\\\/da\\\/product\\\/jupiter-ai\\\/\"]}]},{\"@type\":\"ImageObject\",\"inLanguage\":\"da-DK\",\"@id\":\"https:\\\/\\\/agripura.com\\\/da\\\/product\\\/jupiter-ai\\\/#primaryimage\",\"url\":\"https:\\\/\\\/agripura.com\\\/wp-content\\\/uploads\\\/2025\\\/05\\\/Jupiter.jpg\",\"contentUrl\":\"https:\\\/\\\/agripura.com\\\/wp-content\\\/uploads\\\/2025\\\/05\\\/Jupiter.jpg\",\"width\":2048,\"height\":1228,\"caption\":\"Jupiter AI\"},{\"@type\":\"BreadcrumbList\",\"@id\":\"https:\\\/\\\/agripura.com\\\/da\\\/product\\\/jupiter-ai\\\/#breadcrumb\",\"itemListElement\":[{\"@type\":\"ListItem\",\"position\":1,\"name\":\"Home\",\"item\":\"https:\\\/\\\/agripura.com\\\/\"},{\"@type\":\"ListItem\",\"position\":2,\"name\":\"Shop\",\"item\":\"https:\\\/\\\/agripura.com\\\/en\\\/shop\\\/\"},{\"@type\":\"ListItem\",\"position\":3,\"name\":\"Jupiter-AI\"}]},{\"@type\":\"WebSite\",\"@id\":\"https:\\\/\\\/agripura.com\\\/en\\\/#website\",\"url\":\"https:\\\/\\\/agripura.com\\\/en\\\/\",\"name\":\"AgriPura B.V\",\"description\":\"Specialist in agrarische voeradditieven, desinfectie en reinigingsmiddelen\",\"publisher\":{\"@id\":\"https:\\\/\\\/agripura.com\\\/en\\\/#organization\"},\"potentialAction\":[{\"@type\":\"SearchAction\",\"target\":{\"@type\":\"EntryPoint\",\"urlTemplate\":\"https:\\\/\\\/agripura.com\\\/en\\\/?s={search_term_string}\"},\"query-input\":{\"@type\":\"PropertyValueSpecification\",\"valueRequired\":true,\"valueName\":\"search_term_string\"}}],\"inLanguage\":\"da-DK\"},{\"@type\":\"Organization\",\"@id\":\"https:\\\/\\\/agripura.com\\\/en\\\/#organization\",\"name\":\"AgriPura B.V\",\"url\":\"https:\\\/\\\/agripura.com\\\/en\\\/\",\"logo\":{\"@type\":\"ImageObject\",\"inLanguage\":\"da-DK\",\"@id\":\"https:\\\/\\\/agripura.com\\\/en\\\/#\\\/schema\\\/logo\\\/image\\\/\",\"url\":\"https:\\\/\\\/agripura.com\\\/wp-content\\\/uploads\\\/2020\\\/06\\\/AgriPura_Logo_web.svg\",\"contentUrl\":\"https:\\\/\\\/agripura.com\\\/wp-content\\\/uploads\\\/2020\\\/06\\\/AgriPura_Logo_web.svg\",\"width\":180,\"height\":56,\"caption\":\"AgriPura B.V\"},\"image\":{\"@id\":\"https:\\\/\\\/agripura.com\\\/en\\\/#\\\/schema\\\/logo\\\/image\\\/\"},\"sameAs\":[\"https:\\\/\\\/www.linkedin.com\\\/company\\\/agripura\\\/\"]}]}<\/script>\n<!-- \/ Yoast SEO plugin. -->","yoast_head_json":{"title":"Jupiter-AI - AgriPura B.V","description":"Jupiter-testen tilbyder en effektiv m\u00e5de at identificere de bakterier, der for\u00e5rsager mastitis hos dine k\u00f8er. Denne avancerede metode giver hurtig og pr\u00e6cis indsigt i \u00e5rsagerne til mastitis.","robots":{"index":"index","follow":"follow","max-snippet":"max-snippet:-1","max-image-preview":"max-image-preview:large","max-video-preview":"max-video-preview:-1"},"canonical":"https:\/\/agripura.com\/da\/product\/jupiter-ai\/","og_locale":"da_DK","og_type":"article","og_title":"Jupiter-AI - AgriPura B.V","og_description":"Jupiter-testen tilbyder en effektiv m\u00e5de at identificere de bakterier, der for\u00e5rsager mastitis hos dine k\u00f8er. Denne avancerede metode giver hurtig og pr\u00e6cis indsigt i \u00e5rsagerne til mastitis.","og_url":"https:\/\/agripura.com\/da\/product\/jupiter-ai\/","og_site_name":"AgriPura B.V","article_modified_time":"2025-09-06T12:51:20+00:00","twitter_card":"summary_large_image","twitter_misc":{"Estimeret l\u00e6setid":"1 minut"},"schema":{"@context":"https:\/\/schema.org","@graph":[{"@type":"WebPage","@id":"https:\/\/agripura.com\/da\/product\/jupiter-ai\/","url":"https:\/\/agripura.com\/da\/product\/jupiter-ai\/","name":"Jupiter-AI - AgriPura B.V","isPartOf":{"@id":"https:\/\/agripura.com\/en\/#website"},"primaryImageOfPage":{"@id":"https:\/\/agripura.com\/da\/product\/jupiter-ai\/#primaryimage"},"image":{"@id":"https:\/\/agripura.com\/da\/product\/jupiter-ai\/#primaryimage"},"thumbnailUrl":"https:\/\/agripura.com\/wp-content\/uploads\/2025\/05\/Jupiter.jpg","datePublished":"2025-06-19T16:09:06+00:00","dateModified":"2025-09-06T12:51:20+00:00","description":"Jupiter-testen tilbyder en effektiv m\u00e5de at identificere de bakterier, der for\u00e5rsager mastitis hos dine k\u00f8er. Denne avancerede metode giver hurtig og pr\u00e6cis indsigt i \u00e5rsagerne til mastitis.","breadcrumb":{"@id":"https:\/\/agripura.com\/da\/product\/jupiter-ai\/#breadcrumb"},"inLanguage":"da-DK","potentialAction":[{"@type":"ReadAction","target":["https:\/\/agripura.com\/da\/product\/jupiter-ai\/"]}]},{"@type":"ImageObject","inLanguage":"da-DK","@id":"https:\/\/agripura.com\/da\/product\/jupiter-ai\/#primaryimage","url":"https:\/\/agripura.com\/wp-content\/uploads\/2025\/05\/Jupiter.jpg","contentUrl":"https:\/\/agripura.com\/wp-content\/uploads\/2025\/05\/Jupiter.jpg","width":2048,"height":1228,"caption":"Jupiter AI"},{"@type":"BreadcrumbList","@id":"https:\/\/agripura.com\/da\/product\/jupiter-ai\/#breadcrumb","itemListElement":[{"@type":"ListItem","position":1,"name":"Home","item":"https:\/\/agripura.com\/"},{"@type":"ListItem","position":2,"name":"Shop","item":"https:\/\/agripura.com\/en\/shop\/"},{"@type":"ListItem","position":3,"name":"Jupiter-AI"}]},{"@type":"WebSite","@id":"https:\/\/agripura.com\/en\/#website","url":"https:\/\/agripura.com\/en\/","name":"AgriPura B.V","description":"Specialist in agrarische voeradditieven, desinfectie en reinigingsmiddelen","publisher":{"@id":"https:\/\/agripura.com\/en\/#organization"},"potentialAction":[{"@type":"SearchAction","target":{"@type":"EntryPoint","urlTemplate":"https:\/\/agripura.com\/en\/?s={search_term_string}"},"query-input":{"@type":"PropertyValueSpecification","valueRequired":true,"valueName":"search_term_string"}}],"inLanguage":"da-DK"},{"@type":"Organization","@id":"https:\/\/agripura.com\/en\/#organization","name":"AgriPura B.V","url":"https:\/\/agripura.com\/en\/","logo":{"@type":"ImageObject","inLanguage":"da-DK","@id":"https:\/\/agripura.com\/en\/#\/schema\/logo\/image\/","url":"https:\/\/agripura.com\/wp-content\/uploads\/2020\/06\/AgriPura_Logo_web.svg","contentUrl":"https:\/\/agripura.com\/wp-content\/uploads\/2020\/06\/AgriPura_Logo_web.svg","width":180,"height":56,"caption":"AgriPura B.V"},"image":{"@id":"https:\/\/agripura.com\/en\/#\/schema\/logo\/image\/"},"sameAs":["https:\/\/www.linkedin.com\/company\/agripura\/"]}]}},"_links":{"self":[{"href":"https:\/\/agripura.com\/da\/wp-json\/wp\/v2\/product\/4149","targetHints":{"allow":["GET"]}}],"collection":[{"href":"https:\/\/agripura.com\/da\/wp-json\/wp\/v2\/product"}],"about":[{"href":"https:\/\/agripura.com\/da\/wp-json\/wp\/v2\/types\/product"}],"wp:featuredmedia":[{"embeddable":true,"href":"https:\/\/agripura.com\/da\/wp-json\/wp\/v2\/media\/4022"}],"wp:attachment":[{"href":"https:\/\/agripura.com\/da\/wp-json\/wp\/v2\/media?parent=4149"}],"wp:term":[{"taxonomy":"product_brand","embeddable":true,"href":"https:\/\/agripura.com\/da\/wp-json\/wp\/v2\/product_brand?post=4149"},{"taxonomy":"product_cat","embeddable":true,"href":"https:\/\/agripura.com\/da\/wp-json\/wp\/v2\/product_cat?post=4149"},{"taxonomy":"product_tag","embeddable":true,"href":"https:\/\/agripura.com\/da\/wp-json\/wp\/v2\/product_tag?post=4149"}],"curies":[{"name":"wp","href":"https:\/\/api.w.org\/{rel}","templated":true}]}}