{"id":3928,"date":"2021-09-07T14:38:32","date_gmt":"2021-09-07T14:38:32","guid":{"rendered":"https:\/\/agripura.com\/product\/uddervit-laktationsbolus\/"},"modified":"2025-05-14T08:39:59","modified_gmt":"2025-05-14T08:39:59","slug":"uddervit-laktationsbolus","status":"publish","type":"product","link":"https:\/\/agripura.com\/da\/product\/uddervit-laktationsbolus\/","title":{"rendered":"Uddervit Laktationsbolus"},"content":{"rendered":"<ul>\n<li>Bolus til st\u00f8tte for akut og subklinisk mastitis under amning<\/li>\n<li>Lettilg\u00e6ngelige ingredienser giver \u00f8jeblikkelig st\u00f8tte i op til 7 dage.<\/li>\n<li>Naturlig st\u00f8tte, s\u00e5 ingen ventetid.<\/li>\n<\/ul>\n<p>pakket pr. 12 stk.; kun tilg\u00e6ngelig i multipla af 12<\/p>\n","protected":false},"excerpt":{"rendered":"<p>Bolus til st\u00f8tte for akut og subklinisk mastitis under amning Lettilg\u00e6ngelige ingredienser giver \u00f8jeblikkelig st\u00f8tte i op til 7 dage. Naturlig st\u00f8tte, s\u00e5 ingen ventetid. pakket pr. 12 stk.; kun tilg\u00e6ngelig i multipla af 12<\/p>\n","protected":false},"featured_media":4372,"template":"","meta":{"inline_featured_image":false,"_kad_post_transparent":"","_kad_post_title":"","_kad_post_layout":"","_kad_post_sidebar_id":"","_kad_post_content_style":"","_kad_post_vertical_padding":"","_kad_post_feature":"","_kad_post_feature_position":"","_kad_post_header":false,"_kad_post_footer":false,"_kad_post_classname":""},"product_brand":[],"product_cat":[127,123,121],"product_tag":[],"class_list":{"0":"post-3928","1":"product","2":"type-product","3":"status-publish","4":"has-post-thumbnail","6":"product_cat-bolus-da","7":"product_cat-dyresundhed-og-fodertilsaetningsstoffer","8":"product_cat-ko","10":"first","11":"instock","12":"shipping-taxable","13":"purchasable","14":"product-type-simple","15":"entry","16":"content-bg","17":"loop-entry"},"yoast_head":"<!-- This site is optimized with the Yoast SEO plugin v27.4 - https:\/\/yoast.com\/product\/yoast-seo-wordpress\/ -->\n<title>Uddervit Laktationsbolus - AgriPura B.V<\/title>\n<meta name=\"robots\" content=\"index, follow, max-snippet:-1, max-image-preview:large, max-video-preview:-1\" \/>\n<link rel=\"canonical\" href=\"https:\/\/agripura.com\/da\/product\/uddervit-laktationsbolus\/\" \/>\n<meta property=\"og:locale\" content=\"da_DK\" \/>\n<meta property=\"og:type\" content=\"article\" \/>\n<meta property=\"og:title\" content=\"Uddervit Laktationsbolus - AgriPura B.V\" \/>\n<meta property=\"og:description\" content=\"Bolus til st\u00f8tte for akut og subklinisk mastitis under amning Lettilg\u00e6ngelige ingredienser giver \u00f8jeblikkelig st\u00f8tte i op til 7 dage. Naturlig st\u00f8tte, s\u00e5 ingen ventetid. pakket pr. 12 stk.; kun tilg\u00e6ngelig i multipla af 12\" \/>\n<meta property=\"og:url\" content=\"https:\/\/agripura.com\/da\/product\/uddervit-laktationsbolus\/\" \/>\n<meta property=\"og:site_name\" content=\"AgriPura B.V\" \/>\n<meta property=\"article:modified_time\" content=\"2025-05-14T08:39:59+00:00\" \/>\n<meta property=\"og:image\" content=\"https:\/\/agripura.com\/wp-content\/uploads\/2021\/09\/Lactation.png\" \/>\n\t<meta property=\"og:image:width\" content=\"755\" \/>\n\t<meta property=\"og:image:height\" content=\"758\" \/>\n\t<meta property=\"og:image:type\" content=\"image\/png\" \/>\n<meta name=\"twitter:card\" content=\"summary_large_image\" \/>\n<script type=\"application\/ld+json\" class=\"yoast-schema-graph\">{\"@context\":\"https:\\\/\\\/schema.org\",\"@graph\":[{\"@type\":\"WebPage\",\"@id\":\"https:\\\/\\\/agripura.com\\\/da\\\/product\\\/uddervit-laktationsbolus\\\/\",\"url\":\"https:\\\/\\\/agripura.com\\\/da\\\/product\\\/uddervit-laktationsbolus\\\/\",\"name\":\"Uddervit Laktationsbolus - AgriPura B.V\",\"isPartOf\":{\"@id\":\"https:\\\/\\\/agripura.com\\\/en\\\/#website\"},\"primaryImageOfPage\":{\"@id\":\"https:\\\/\\\/agripura.com\\\/da\\\/product\\\/uddervit-laktationsbolus\\\/#primaryimage\"},\"image\":{\"@id\":\"https:\\\/\\\/agripura.com\\\/da\\\/product\\\/uddervit-laktationsbolus\\\/#primaryimage\"},\"thumbnailUrl\":\"https:\\\/\\\/agripura.com\\\/wp-content\\\/uploads\\\/2021\\\/09\\\/Lactation.png\",\"datePublished\":\"2021-09-07T14:38:32+00:00\",\"dateModified\":\"2025-05-14T08:39:59+00:00\",\"breadcrumb\":{\"@id\":\"https:\\\/\\\/agripura.com\\\/da\\\/product\\\/uddervit-laktationsbolus\\\/#breadcrumb\"},\"inLanguage\":\"da-DK\",\"potentialAction\":[{\"@type\":\"ReadAction\",\"target\":[\"https:\\\/\\\/agripura.com\\\/da\\\/product\\\/uddervit-laktationsbolus\\\/\"]}]},{\"@type\":\"ImageObject\",\"inLanguage\":\"da-DK\",\"@id\":\"https:\\\/\\\/agripura.com\\\/da\\\/product\\\/uddervit-laktationsbolus\\\/#primaryimage\",\"url\":\"https:\\\/\\\/agripura.com\\\/wp-content\\\/uploads\\\/2021\\\/09\\\/Lactation.png\",\"contentUrl\":\"https:\\\/\\\/agripura.com\\\/wp-content\\\/uploads\\\/2021\\\/09\\\/Lactation.png\",\"width\":755,\"height\":758},{\"@type\":\"BreadcrumbList\",\"@id\":\"https:\\\/\\\/agripura.com\\\/da\\\/product\\\/uddervit-laktationsbolus\\\/#breadcrumb\",\"itemListElement\":[{\"@type\":\"ListItem\",\"position\":1,\"name\":\"Home\",\"item\":\"https:\\\/\\\/agripura.com\\\/\"},{\"@type\":\"ListItem\",\"position\":2,\"name\":\"Shop\",\"item\":\"https:\\\/\\\/agripura.com\\\/en\\\/shop\\\/\"},{\"@type\":\"ListItem\",\"position\":3,\"name\":\"Uddervit Laktationsbolus\"}]},{\"@type\":\"WebSite\",\"@id\":\"https:\\\/\\\/agripura.com\\\/en\\\/#website\",\"url\":\"https:\\\/\\\/agripura.com\\\/en\\\/\",\"name\":\"AgriPura B.V\",\"description\":\"Specialist in agrarische voeradditieven, desinfectie en reinigingsmiddelen\",\"publisher\":{\"@id\":\"https:\\\/\\\/agripura.com\\\/en\\\/#organization\"},\"potentialAction\":[{\"@type\":\"SearchAction\",\"target\":{\"@type\":\"EntryPoint\",\"urlTemplate\":\"https:\\\/\\\/agripura.com\\\/en\\\/?s={search_term_string}\"},\"query-input\":{\"@type\":\"PropertyValueSpecification\",\"valueRequired\":true,\"valueName\":\"search_term_string\"}}],\"inLanguage\":\"da-DK\"},{\"@type\":\"Organization\",\"@id\":\"https:\\\/\\\/agripura.com\\\/en\\\/#organization\",\"name\":\"AgriPura B.V\",\"url\":\"https:\\\/\\\/agripura.com\\\/en\\\/\",\"logo\":{\"@type\":\"ImageObject\",\"inLanguage\":\"da-DK\",\"@id\":\"https:\\\/\\\/agripura.com\\\/en\\\/#\\\/schema\\\/logo\\\/image\\\/\",\"url\":\"https:\\\/\\\/agripura.com\\\/wp-content\\\/uploads\\\/2020\\\/06\\\/AgriPura_Logo_web.svg\",\"contentUrl\":\"https:\\\/\\\/agripura.com\\\/wp-content\\\/uploads\\\/2020\\\/06\\\/AgriPura_Logo_web.svg\",\"width\":180,\"height\":56,\"caption\":\"AgriPura B.V\"},\"image\":{\"@id\":\"https:\\\/\\\/agripura.com\\\/en\\\/#\\\/schema\\\/logo\\\/image\\\/\"},\"sameAs\":[\"https:\\\/\\\/www.linkedin.com\\\/company\\\/agripura\\\/\"]}]}<\/script>\n<!-- \/ Yoast SEO plugin. -->","yoast_head_json":{"title":"Uddervit Laktationsbolus - AgriPura B.V","robots":{"index":"index","follow":"follow","max-snippet":"max-snippet:-1","max-image-preview":"max-image-preview:large","max-video-preview":"max-video-preview:-1"},"canonical":"https:\/\/agripura.com\/da\/product\/uddervit-laktationsbolus\/","og_locale":"da_DK","og_type":"article","og_title":"Uddervit Laktationsbolus - AgriPura B.V","og_description":"Bolus til st\u00f8tte for akut og subklinisk mastitis under amning Lettilg\u00e6ngelige ingredienser giver \u00f8jeblikkelig st\u00f8tte i op til 7 dage. Naturlig st\u00f8tte, s\u00e5 ingen ventetid. pakket pr. 12 stk.; kun tilg\u00e6ngelig i multipla af 12","og_url":"https:\/\/agripura.com\/da\/product\/uddervit-laktationsbolus\/","og_site_name":"AgriPura B.V","article_modified_time":"2025-05-14T08:39:59+00:00","og_image":[{"width":755,"height":758,"url":"https:\/\/agripura.com\/wp-content\/uploads\/2021\/09\/Lactation.png","type":"image\/png"}],"twitter_card":"summary_large_image","schema":{"@context":"https:\/\/schema.org","@graph":[{"@type":"WebPage","@id":"https:\/\/agripura.com\/da\/product\/uddervit-laktationsbolus\/","url":"https:\/\/agripura.com\/da\/product\/uddervit-laktationsbolus\/","name":"Uddervit Laktationsbolus - AgriPura B.V","isPartOf":{"@id":"https:\/\/agripura.com\/en\/#website"},"primaryImageOfPage":{"@id":"https:\/\/agripura.com\/da\/product\/uddervit-laktationsbolus\/#primaryimage"},"image":{"@id":"https:\/\/agripura.com\/da\/product\/uddervit-laktationsbolus\/#primaryimage"},"thumbnailUrl":"https:\/\/agripura.com\/wp-content\/uploads\/2021\/09\/Lactation.png","datePublished":"2021-09-07T14:38:32+00:00","dateModified":"2025-05-14T08:39:59+00:00","breadcrumb":{"@id":"https:\/\/agripura.com\/da\/product\/uddervit-laktationsbolus\/#breadcrumb"},"inLanguage":"da-DK","potentialAction":[{"@type":"ReadAction","target":["https:\/\/agripura.com\/da\/product\/uddervit-laktationsbolus\/"]}]},{"@type":"ImageObject","inLanguage":"da-DK","@id":"https:\/\/agripura.com\/da\/product\/uddervit-laktationsbolus\/#primaryimage","url":"https:\/\/agripura.com\/wp-content\/uploads\/2021\/09\/Lactation.png","contentUrl":"https:\/\/agripura.com\/wp-content\/uploads\/2021\/09\/Lactation.png","width":755,"height":758},{"@type":"BreadcrumbList","@id":"https:\/\/agripura.com\/da\/product\/uddervit-laktationsbolus\/#breadcrumb","itemListElement":[{"@type":"ListItem","position":1,"name":"Home","item":"https:\/\/agripura.com\/"},{"@type":"ListItem","position":2,"name":"Shop","item":"https:\/\/agripura.com\/en\/shop\/"},{"@type":"ListItem","position":3,"name":"Uddervit Laktationsbolus"}]},{"@type":"WebSite","@id":"https:\/\/agripura.com\/en\/#website","url":"https:\/\/agripura.com\/en\/","name":"AgriPura B.V","description":"Specialist in agrarische voeradditieven, desinfectie en reinigingsmiddelen","publisher":{"@id":"https:\/\/agripura.com\/en\/#organization"},"potentialAction":[{"@type":"SearchAction","target":{"@type":"EntryPoint","urlTemplate":"https:\/\/agripura.com\/en\/?s={search_term_string}"},"query-input":{"@type":"PropertyValueSpecification","valueRequired":true,"valueName":"search_term_string"}}],"inLanguage":"da-DK"},{"@type":"Organization","@id":"https:\/\/agripura.com\/en\/#organization","name":"AgriPura B.V","url":"https:\/\/agripura.com\/en\/","logo":{"@type":"ImageObject","inLanguage":"da-DK","@id":"https:\/\/agripura.com\/en\/#\/schema\/logo\/image\/","url":"https:\/\/agripura.com\/wp-content\/uploads\/2020\/06\/AgriPura_Logo_web.svg","contentUrl":"https:\/\/agripura.com\/wp-content\/uploads\/2020\/06\/AgriPura_Logo_web.svg","width":180,"height":56,"caption":"AgriPura B.V"},"image":{"@id":"https:\/\/agripura.com\/en\/#\/schema\/logo\/image\/"},"sameAs":["https:\/\/www.linkedin.com\/company\/agripura\/"]}]}},"_links":{"self":[{"href":"https:\/\/agripura.com\/da\/wp-json\/wp\/v2\/product\/3928","targetHints":{"allow":["GET"]}}],"collection":[{"href":"https:\/\/agripura.com\/da\/wp-json\/wp\/v2\/product"}],"about":[{"href":"https:\/\/agripura.com\/da\/wp-json\/wp\/v2\/types\/product"}],"wp:featuredmedia":[{"embeddable":true,"href":"https:\/\/agripura.com\/da\/wp-json\/wp\/v2\/media\/4372"}],"wp:attachment":[{"href":"https:\/\/agripura.com\/da\/wp-json\/wp\/v2\/media?parent=3928"}],"wp:term":[{"taxonomy":"product_brand","embeddable":true,"href":"https:\/\/agripura.com\/da\/wp-json\/wp\/v2\/product_brand?post=3928"},{"taxonomy":"product_cat","embeddable":true,"href":"https:\/\/agripura.com\/da\/wp-json\/wp\/v2\/product_cat?post=3928"},{"taxonomy":"product_tag","embeddable":true,"href":"https:\/\/agripura.com\/da\/wp-json\/wp\/v2\/product_tag?post=3928"}],"curies":[{"name":"wp","href":"https:\/\/api.w.org\/{rel}","templated":true}]}}