{"id":3624,"date":"2024-06-14T08:18:17","date_gmt":"2024-06-14T08:18:17","guid":{"rendered":"https:\/\/agripura.com\/product\/agripura-chriox-5\/"},"modified":"2024-06-14T08:18:17","modified_gmt":"2024-06-14T08:18:17","slug":"agripura-chriox-5","status":"publish","type":"product","link":"https:\/\/agripura.com\/da\/product\/agripura-chriox-5\/","title":{"rendered":"AgriPura Chriox 5"},"content":{"rendered":"<ul>\n<li>h\u00f8jeffektivt oxiderende desinfektionsmiddel.<\/li>\n<li>hj\u00e6lper med at opl\u00f8se og fjerne madrester.<\/li>\n<li>Har bakteriedr\u00e6bende, fungicide og sporicide egenskaber ved lave p\u00e5f\u00f8ringstemperaturer og ved lave koncentrationer.<\/li>\n<\/ul>\n","protected":false},"excerpt":{"rendered":"<p>h\u00f8jeffektivt oxiderende desinfektionsmiddel. hj\u00e6lper med at opl\u00f8se og fjerne madrester. Har bakteriedr\u00e6bende, fungicide og sporicide egenskaber ved lave p\u00e5f\u00f8ringstemperaturer og ved lave koncentrationer.<\/p>\n","protected":false},"featured_media":3627,"template":"","meta":{"inline_featured_image":false,"_kad_post_transparent":"","_kad_post_title":"","_kad_post_layout":"","_kad_post_sidebar_id":"","_kad_post_content_style":"","_kad_post_vertical_padding":"","_kad_post_feature":"","_kad_post_feature_position":"","_kad_post_header":false,"_kad_post_footer":false,"_kad_post_classname":""},"product_brand":[],"product_cat":[131,130,121,145],"product_tag":[],"class_list":{"0":"post-3624","1":"product","2":"type-product","3":"status-publish","4":"has-post-thumbnail","6":"product_cat-desinfektion-da","7":"product_cat-hygiejne-til-ko","8":"product_cat-ko","9":"product_cat-rengoring-af-malkeanlaeg","11":"first","12":"instock","13":"shipping-taxable","14":"purchasable","15":"product-type-simple","16":"entry","17":"content-bg","18":"loop-entry"},"yoast_head":"<!-- This site is optimized with the Yoast SEO plugin v27.2 - https:\/\/yoast.com\/product\/yoast-seo-wordpress\/ -->\n<title>AgriPura Chriox 5 - AgriPura B.V<\/title>\n<meta name=\"robots\" content=\"index, follow, max-snippet:-1, max-image-preview:large, max-video-preview:-1\" \/>\n<link rel=\"canonical\" href=\"https:\/\/agripura.com\/da\/product\/agripura-chriox-5\/\" \/>\n<meta property=\"og:locale\" content=\"da_DK\" \/>\n<meta property=\"og:type\" content=\"article\" \/>\n<meta property=\"og:title\" content=\"AgriPura Chriox 5 - AgriPura B.V\" \/>\n<meta property=\"og:description\" content=\"h\u00f8jeffektivt oxiderende desinfektionsmiddel. hj\u00e6lper med at opl\u00f8se og fjerne madrester. Har bakteriedr\u00e6bende, fungicide og sporicide egenskaber ved lave p\u00e5f\u00f8ringstemperaturer og ved lave koncentrationer.\" \/>\n<meta property=\"og:url\" content=\"https:\/\/agripura.com\/da\/product\/agripura-chriox-5\/\" \/>\n<meta property=\"og:site_name\" content=\"AgriPura B.V\" \/>\n<meta property=\"og:image\" content=\"https:\/\/agripura.com\/wp-content\/uploads\/2021\/09\/Chriox5.jpg\" \/>\n\t<meta property=\"og:image:width\" content=\"1000\" \/>\n\t<meta property=\"og:image:height\" content=\"1000\" \/>\n\t<meta property=\"og:image:type\" content=\"image\/jpeg\" \/>\n<meta name=\"twitter:card\" content=\"summary_large_image\" \/>\n<script type=\"application\/ld+json\" class=\"yoast-schema-graph\">{\"@context\":\"https:\/\/schema.org\",\"@graph\":[{\"@type\":\"WebPage\",\"@id\":\"https:\/\/agripura.com\/da\/product\/agripura-chriox-5\/\",\"url\":\"https:\/\/agripura.com\/da\/product\/agripura-chriox-5\/\",\"name\":\"AgriPura Chriox 5 - AgriPura B.V\",\"isPartOf\":{\"@id\":\"https:\/\/agripura.com\/en\/#website\"},\"primaryImageOfPage\":{\"@id\":\"https:\/\/agripura.com\/da\/product\/agripura-chriox-5\/#primaryimage\"},\"image\":{\"@id\":\"https:\/\/agripura.com\/da\/product\/agripura-chriox-5\/#primaryimage\"},\"thumbnailUrl\":\"https:\/\/agripura.com\/wp-content\/uploads\/2021\/09\/Chriox5.jpg\",\"datePublished\":\"2024-06-14T08:18:17+00:00\",\"breadcrumb\":{\"@id\":\"https:\/\/agripura.com\/da\/product\/agripura-chriox-5\/#breadcrumb\"},\"inLanguage\":\"da-DK\",\"potentialAction\":[{\"@type\":\"ReadAction\",\"target\":[\"https:\/\/agripura.com\/da\/product\/agripura-chriox-5\/\"]}]},{\"@type\":\"ImageObject\",\"inLanguage\":\"da-DK\",\"@id\":\"https:\/\/agripura.com\/da\/product\/agripura-chriox-5\/#primaryimage\",\"url\":\"https:\/\/agripura.com\/wp-content\/uploads\/2021\/09\/Chriox5.jpg\",\"contentUrl\":\"https:\/\/agripura.com\/wp-content\/uploads\/2021\/09\/Chriox5.jpg\",\"width\":1000,\"height\":1000},{\"@type\":\"BreadcrumbList\",\"@id\":\"https:\/\/agripura.com\/da\/product\/agripura-chriox-5\/#breadcrumb\",\"itemListElement\":[{\"@type\":\"ListItem\",\"position\":1,\"name\":\"Home\",\"item\":\"https:\/\/agripura.com\/\"},{\"@type\":\"ListItem\",\"position\":2,\"name\":\"Shop\",\"item\":\"https:\/\/agripura.com\/en\/shop\/\"},{\"@type\":\"ListItem\",\"position\":3,\"name\":\"AgriPura Chriox 5\"}]},{\"@type\":\"WebSite\",\"@id\":\"https:\/\/agripura.com\/en\/#website\",\"url\":\"https:\/\/agripura.com\/en\/\",\"name\":\"AgriPura B.V\",\"description\":\"Specialist in agrarische voeradditieven, desinfectie en reinigingsmiddelen\",\"publisher\":{\"@id\":\"https:\/\/agripura.com\/en\/#organization\"},\"potentialAction\":[{\"@type\":\"SearchAction\",\"target\":{\"@type\":\"EntryPoint\",\"urlTemplate\":\"https:\/\/agripura.com\/en\/?s={search_term_string}\"},\"query-input\":{\"@type\":\"PropertyValueSpecification\",\"valueRequired\":true,\"valueName\":\"search_term_string\"}}],\"inLanguage\":\"da-DK\"},{\"@type\":\"Organization\",\"@id\":\"https:\/\/agripura.com\/en\/#organization\",\"name\":\"AgriPura B.V\",\"url\":\"https:\/\/agripura.com\/en\/\",\"logo\":{\"@type\":\"ImageObject\",\"inLanguage\":\"da-DK\",\"@id\":\"https:\/\/agripura.com\/en\/#\/schema\/logo\/image\/\",\"url\":\"https:\/\/agripura.com\/wp-content\/uploads\/2020\/06\/AgriPura_Logo_web.svg\",\"contentUrl\":\"https:\/\/agripura.com\/wp-content\/uploads\/2020\/06\/AgriPura_Logo_web.svg\",\"width\":180,\"height\":56,\"caption\":\"AgriPura B.V\"},\"image\":{\"@id\":\"https:\/\/agripura.com\/en\/#\/schema\/logo\/image\/\"},\"sameAs\":[\"https:\/\/www.linkedin.com\/company\/agripura\/\"]}]}<\/script>\n<!-- \/ Yoast SEO plugin. -->","yoast_head_json":{"title":"AgriPura Chriox 5 - AgriPura B.V","robots":{"index":"index","follow":"follow","max-snippet":"max-snippet:-1","max-image-preview":"max-image-preview:large","max-video-preview":"max-video-preview:-1"},"canonical":"https:\/\/agripura.com\/da\/product\/agripura-chriox-5\/","og_locale":"da_DK","og_type":"article","og_title":"AgriPura Chriox 5 - AgriPura B.V","og_description":"h\u00f8jeffektivt oxiderende desinfektionsmiddel. hj\u00e6lper med at opl\u00f8se og fjerne madrester. Har bakteriedr\u00e6bende, fungicide og sporicide egenskaber ved lave p\u00e5f\u00f8ringstemperaturer og ved lave koncentrationer.","og_url":"https:\/\/agripura.com\/da\/product\/agripura-chriox-5\/","og_site_name":"AgriPura B.V","og_image":[{"width":1000,"height":1000,"url":"https:\/\/agripura.com\/wp-content\/uploads\/2021\/09\/Chriox5.jpg","type":"image\/jpeg"}],"twitter_card":"summary_large_image","schema":{"@context":"https:\/\/schema.org","@graph":[{"@type":"WebPage","@id":"https:\/\/agripura.com\/da\/product\/agripura-chriox-5\/","url":"https:\/\/agripura.com\/da\/product\/agripura-chriox-5\/","name":"AgriPura Chriox 5 - AgriPura B.V","isPartOf":{"@id":"https:\/\/agripura.com\/en\/#website"},"primaryImageOfPage":{"@id":"https:\/\/agripura.com\/da\/product\/agripura-chriox-5\/#primaryimage"},"image":{"@id":"https:\/\/agripura.com\/da\/product\/agripura-chriox-5\/#primaryimage"},"thumbnailUrl":"https:\/\/agripura.com\/wp-content\/uploads\/2021\/09\/Chriox5.jpg","datePublished":"2024-06-14T08:18:17+00:00","breadcrumb":{"@id":"https:\/\/agripura.com\/da\/product\/agripura-chriox-5\/#breadcrumb"},"inLanguage":"da-DK","potentialAction":[{"@type":"ReadAction","target":["https:\/\/agripura.com\/da\/product\/agripura-chriox-5\/"]}]},{"@type":"ImageObject","inLanguage":"da-DK","@id":"https:\/\/agripura.com\/da\/product\/agripura-chriox-5\/#primaryimage","url":"https:\/\/agripura.com\/wp-content\/uploads\/2021\/09\/Chriox5.jpg","contentUrl":"https:\/\/agripura.com\/wp-content\/uploads\/2021\/09\/Chriox5.jpg","width":1000,"height":1000},{"@type":"BreadcrumbList","@id":"https:\/\/agripura.com\/da\/product\/agripura-chriox-5\/#breadcrumb","itemListElement":[{"@type":"ListItem","position":1,"name":"Home","item":"https:\/\/agripura.com\/"},{"@type":"ListItem","position":2,"name":"Shop","item":"https:\/\/agripura.com\/en\/shop\/"},{"@type":"ListItem","position":3,"name":"AgriPura Chriox 5"}]},{"@type":"WebSite","@id":"https:\/\/agripura.com\/en\/#website","url":"https:\/\/agripura.com\/en\/","name":"AgriPura B.V","description":"Specialist in agrarische voeradditieven, desinfectie en reinigingsmiddelen","publisher":{"@id":"https:\/\/agripura.com\/en\/#organization"},"potentialAction":[{"@type":"SearchAction","target":{"@type":"EntryPoint","urlTemplate":"https:\/\/agripura.com\/en\/?s={search_term_string}"},"query-input":{"@type":"PropertyValueSpecification","valueRequired":true,"valueName":"search_term_string"}}],"inLanguage":"da-DK"},{"@type":"Organization","@id":"https:\/\/agripura.com\/en\/#organization","name":"AgriPura B.V","url":"https:\/\/agripura.com\/en\/","logo":{"@type":"ImageObject","inLanguage":"da-DK","@id":"https:\/\/agripura.com\/en\/#\/schema\/logo\/image\/","url":"https:\/\/agripura.com\/wp-content\/uploads\/2020\/06\/AgriPura_Logo_web.svg","contentUrl":"https:\/\/agripura.com\/wp-content\/uploads\/2020\/06\/AgriPura_Logo_web.svg","width":180,"height":56,"caption":"AgriPura B.V"},"image":{"@id":"https:\/\/agripura.com\/en\/#\/schema\/logo\/image\/"},"sameAs":["https:\/\/www.linkedin.com\/company\/agripura\/"]}]}},"_links":{"self":[{"href":"https:\/\/agripura.com\/da\/wp-json\/wp\/v2\/product\/3624","targetHints":{"allow":["GET"]}}],"collection":[{"href":"https:\/\/agripura.com\/da\/wp-json\/wp\/v2\/product"}],"about":[{"href":"https:\/\/agripura.com\/da\/wp-json\/wp\/v2\/types\/product"}],"wp:featuredmedia":[{"embeddable":true,"href":"https:\/\/agripura.com\/da\/wp-json\/wp\/v2\/media\/3627"}],"wp:attachment":[{"href":"https:\/\/agripura.com\/da\/wp-json\/wp\/v2\/media?parent=3624"}],"wp:term":[{"taxonomy":"product_brand","embeddable":true,"href":"https:\/\/agripura.com\/da\/wp-json\/wp\/v2\/product_brand?post=3624"},{"taxonomy":"product_cat","embeddable":true,"href":"https:\/\/agripura.com\/da\/wp-json\/wp\/v2\/product_cat?post=3624"},{"taxonomy":"product_tag","embeddable":true,"href":"https:\/\/agripura.com\/da\/wp-json\/wp\/v2\/product_tag?post=3624"}],"curies":[{"name":"wp","href":"https:\/\/api.w.org\/{rel}","templated":true}]}}