{"id":2450,"date":"2021-09-07T14:08:31","date_gmt":"2021-09-07T14:08:31","guid":{"rendered":"https:\/\/agripura.com\/?post_type=product&#038;p=2450"},"modified":"2023-10-02T14:42:45","modified_gmt":"2023-10-02T14:42:45","slug":"oxi-spray-ab","status":"publish","type":"product","link":"https:\/\/agripura.com\/da\/product\/oxi-spray-ab\/","title":{"rendered":"Oxi Spray A+B 20 kg (set)"},"content":{"rendered":"<p>Spraybaar 2 componenten uierverzorgingsmiddel<\/p>\n<ul>\n<li>Geschikt voor melkrobots<\/li>\n<li>Voor speen en uierverzorging na het melken<\/li>\n<li>Vormt een verzorgende beschermlaag om de speen<\/li>\n<li>Vochtregulerend en houd de speen soepel en glad<\/li>\n<li>op basis van chloordioxide<\/li>\n<\/ul>\n<p>&nbsp;<\/p>\n<p>Dit product wordt geleverd door onze partner <a href=\"https:\/\/care4cows.nl\/\" target=\"_blank\" rel=\"noopener\">Care4Cows<\/a>.<a href=\"https:\/\/care4cows.nl\/\" target=\"_blank\" rel=\"noopener\"><img decoding=\"async\" class=\"alignnone wp-image-3142\" src=\"https:\/\/agripura.com\/wp-content\/uploads\/2021\/09\/C4C_logo.jpg\" alt=\"\" width=\"80\" height=\"76\" \/><\/a><\/p>\n","protected":false},"excerpt":{"rendered":"<p>Oxi Spray is een spray voor speenverzorgig- en uierverzorging en uierhygi\u00ebne voor<br \/>\nrunderen, schapen en geiten.<br \/>\nDoor het samenvoegen van de 2-componenten ontstaat er de uiterst effectieve desinfectiemiddel chloordioxide. De resulterende hoeveelheid werkzame stof wordt gemeten<br \/>\nzodat deze gedurende meerdere uren een veilige desinfectie garandeert en dus voor uierhygi\u00ebne zorgt.<br \/>\nOxi Spray bevat een combinatie van actieve ingredi\u00ebnten, huidverzorgingscomponenten en filmvormende stoffen, die is afgestemd op de effectieve verzorging en hygi\u00ebne van gevoelige huiddelen, vooral spenen en uiers. Uitdroging van de speenhuid wordt vermeden met Oxi Spray.<br \/>\nHet gehalte aan filmvormende stoffen in de Oxi Spray in combinatie met het goede bevochtigende effect zorgt voor een voldoende concentratie en blootstellingstijd op de<br \/>\nbehandelde huidzones voor de hygi\u00ebne van de intacte uier.<\/p>\n<p>Oxi Spray onderhoudt en beschermt het speenkanaal tussen melktijden.<\/p>\n<p>Doe beide componenten in een schone container in een verhouding van 1: 1 en meng intensief. Het aldus geproduceerde mengsel kan gedurende een melkperiode worden<br \/>\ngebruikt. Meng voor elke melktijd opnieuw, omdat het actieve ingredi\u00ebnt (chloordioxide) afbreekt.<\/p>\n","protected":false},"featured_media":2874,"template":"","meta":{"inline_featured_image":false,"_kad_post_transparent":"default","_kad_post_title":"","_kad_post_layout":"default","_kad_post_sidebar_id":"","_kad_post_content_style":"default","_kad_post_vertical_padding":"default","_kad_post_feature":"","_kad_post_feature_position":"","_kad_post_header":false,"_kad_post_footer":false,"_kad_post_classname":""},"product_brand":[],"product_cat":[40,37,45],"product_tag":[],"class_list":{"0":"post-2450","1":"product","2":"type-product","3":"status-publish","4":"has-post-thumbnail","6":"product_cat-hygiene-voor-koe","7":"product_cat-koe","8":"product_cat-uierhygiene","10":"first","11":"instock","12":"shipping-taxable","13":"product-type-simple","14":"entry","15":"content-bg","16":"loop-entry"},"yoast_head":"<!-- This site is optimized with the Yoast SEO plugin v27.4 - https:\/\/yoast.com\/product\/yoast-seo-wordpress\/ -->\n<title>Oxi Spray A+B 20 kg (set) - AgriPura B.V<\/title>\n<meta name=\"robots\" content=\"index, follow, max-snippet:-1, max-image-preview:large, max-video-preview:-1\" \/>\n<link rel=\"canonical\" href=\"https:\/\/agripura.com\/product\/oxi-spray-ab\/\" \/>\n<meta property=\"og:locale\" content=\"da_DK\" \/>\n<meta property=\"og:type\" content=\"article\" \/>\n<meta property=\"og:title\" content=\"Oxi Spray A+B 20 kg (set) - AgriPura B.V\" \/>\n<meta property=\"og:description\" content=\"Oxi Spray is een spray voor speenverzorgig- en uierverzorging en uierhygi\u00ebne voor runderen, schapen en geiten. Door het samenvoegen van de 2-componenten ontstaat er de uiterst effectieve desinfectiemiddel chloordioxide. De resulterende hoeveelheid werkzame stof wordt gemeten zodat deze gedurende meerdere uren een veilige desinfectie garandeert en dus voor uierhygi\u00ebne zorgt. Oxi Spray bevat een combinatie van actieve ingredi\u00ebnten, huidverzorgingscomponenten en filmvormende stoffen, die is afgestemd op de effectieve verzorging en hygi\u00ebne van gevoelige huiddelen, vooral spenen en uiers. Uitdroging van de speenhuid wordt vermeden met Oxi Spray. Het gehalte aan filmvormende stoffen in de Oxi Spray in combinatie met het goede bevochtigende effect zorgt voor een voldoende concentratie en blootstellingstijd op de behandelde huidzones voor de hygi\u00ebne van de intacte uier.  Oxi Spray onderhoudt en beschermt het speenkanaal tussen melktijden.  Doe beide componenten in een schone container in een verhouding van 1: 1 en meng intensief. Het aldus geproduceerde mengsel kan gedurende een melkperiode worden gebruikt. Meng voor elke melktijd opnieuw, omdat het actieve ingredi\u00ebnt (chloordioxide) afbreekt.\" \/>\n<meta property=\"og:url\" content=\"https:\/\/agripura.com\/product\/oxi-spray-ab\/\" \/>\n<meta property=\"og:site_name\" content=\"AgriPura B.V\" \/>\n<meta property=\"article:modified_time\" content=\"2023-10-02T14:42:45+00:00\" \/>\n<meta property=\"og:image\" content=\"https:\/\/agripura.com\/wp-content\/uploads\/2021\/09\/Oxi_Spray_B-2.jpg\" \/>\n\t<meta property=\"og:image:width\" content=\"1000\" \/>\n\t<meta property=\"og:image:height\" content=\"1000\" \/>\n\t<meta property=\"og:image:type\" content=\"image\/jpeg\" \/>\n<meta name=\"twitter:card\" content=\"summary_large_image\" \/>\n<script type=\"application\/ld+json\" class=\"yoast-schema-graph\">{\"@context\":\"https:\\\/\\\/schema.org\",\"@graph\":[{\"@type\":\"WebPage\",\"@id\":\"https:\\\/\\\/agripura.com\\\/product\\\/oxi-spray-ab\\\/\",\"url\":\"https:\\\/\\\/agripura.com\\\/product\\\/oxi-spray-ab\\\/\",\"name\":\"Oxi Spray A+B 20 kg (set) - AgriPura B.V\",\"isPartOf\":{\"@id\":\"https:\\\/\\\/agripura.com\\\/en\\\/#website\"},\"primaryImageOfPage\":{\"@id\":\"https:\\\/\\\/agripura.com\\\/product\\\/oxi-spray-ab\\\/#primaryimage\"},\"image\":{\"@id\":\"https:\\\/\\\/agripura.com\\\/product\\\/oxi-spray-ab\\\/#primaryimage\"},\"thumbnailUrl\":\"https:\\\/\\\/agripura.com\\\/wp-content\\\/uploads\\\/2021\\\/09\\\/Oxi_Spray_B-2.jpg\",\"datePublished\":\"2021-09-07T14:08:31+00:00\",\"dateModified\":\"2023-10-02T14:42:45+00:00\",\"breadcrumb\":{\"@id\":\"https:\\\/\\\/agripura.com\\\/product\\\/oxi-spray-ab\\\/#breadcrumb\"},\"inLanguage\":\"da-DK\",\"potentialAction\":[{\"@type\":\"ReadAction\",\"target\":[\"https:\\\/\\\/agripura.com\\\/product\\\/oxi-spray-ab\\\/\"]}]},{\"@type\":\"ImageObject\",\"inLanguage\":\"da-DK\",\"@id\":\"https:\\\/\\\/agripura.com\\\/product\\\/oxi-spray-ab\\\/#primaryimage\",\"url\":\"https:\\\/\\\/agripura.com\\\/wp-content\\\/uploads\\\/2021\\\/09\\\/Oxi_Spray_B-2.jpg\",\"contentUrl\":\"https:\\\/\\\/agripura.com\\\/wp-content\\\/uploads\\\/2021\\\/09\\\/Oxi_Spray_B-2.jpg\",\"width\":1000,\"height\":1000},{\"@type\":\"BreadcrumbList\",\"@id\":\"https:\\\/\\\/agripura.com\\\/product\\\/oxi-spray-ab\\\/#breadcrumb\",\"itemListElement\":[{\"@type\":\"ListItem\",\"position\":1,\"name\":\"Home\",\"item\":\"https:\\\/\\\/agripura.com\\\/\"},{\"@type\":\"ListItem\",\"position\":2,\"name\":\"Shop\",\"item\":\"https:\\\/\\\/agripura.com\\\/en\\\/shop\\\/\"},{\"@type\":\"ListItem\",\"position\":3,\"name\":\"Oxi Spray A+B 20 kg (set)\"}]},{\"@type\":\"WebSite\",\"@id\":\"https:\\\/\\\/agripura.com\\\/en\\\/#website\",\"url\":\"https:\\\/\\\/agripura.com\\\/en\\\/\",\"name\":\"AgriPura B.V\",\"description\":\"Specialist in agrarische voeradditieven, desinfectie en reinigingsmiddelen\",\"publisher\":{\"@id\":\"https:\\\/\\\/agripura.com\\\/en\\\/#organization\"},\"potentialAction\":[{\"@type\":\"SearchAction\",\"target\":{\"@type\":\"EntryPoint\",\"urlTemplate\":\"https:\\\/\\\/agripura.com\\\/en\\\/?s={search_term_string}\"},\"query-input\":{\"@type\":\"PropertyValueSpecification\",\"valueRequired\":true,\"valueName\":\"search_term_string\"}}],\"inLanguage\":\"da-DK\"},{\"@type\":\"Organization\",\"@id\":\"https:\\\/\\\/agripura.com\\\/en\\\/#organization\",\"name\":\"AgriPura B.V\",\"url\":\"https:\\\/\\\/agripura.com\\\/en\\\/\",\"logo\":{\"@type\":\"ImageObject\",\"inLanguage\":\"da-DK\",\"@id\":\"https:\\\/\\\/agripura.com\\\/en\\\/#\\\/schema\\\/logo\\\/image\\\/\",\"url\":\"https:\\\/\\\/agripura.com\\\/wp-content\\\/uploads\\\/2020\\\/06\\\/AgriPura_Logo_web.svg\",\"contentUrl\":\"https:\\\/\\\/agripura.com\\\/wp-content\\\/uploads\\\/2020\\\/06\\\/AgriPura_Logo_web.svg\",\"width\":180,\"height\":56,\"caption\":\"AgriPura B.V\"},\"image\":{\"@id\":\"https:\\\/\\\/agripura.com\\\/en\\\/#\\\/schema\\\/logo\\\/image\\\/\"},\"sameAs\":[\"https:\\\/\\\/www.linkedin.com\\\/company\\\/agripura\\\/\"]}]}<\/script>\n<!-- \/ Yoast SEO plugin. -->","yoast_head_json":{"title":"Oxi Spray A+B 20 kg (set) - AgriPura B.V","robots":{"index":"index","follow":"follow","max-snippet":"max-snippet:-1","max-image-preview":"max-image-preview:large","max-video-preview":"max-video-preview:-1"},"canonical":"https:\/\/agripura.com\/product\/oxi-spray-ab\/","og_locale":"da_DK","og_type":"article","og_title":"Oxi Spray A+B 20 kg (set) - AgriPura B.V","og_description":"Oxi Spray is een spray voor speenverzorgig- en uierverzorging en uierhygi\u00ebne voor runderen, schapen en geiten. Door het samenvoegen van de 2-componenten ontstaat er de uiterst effectieve desinfectiemiddel chloordioxide. De resulterende hoeveelheid werkzame stof wordt gemeten zodat deze gedurende meerdere uren een veilige desinfectie garandeert en dus voor uierhygi\u00ebne zorgt. Oxi Spray bevat een combinatie van actieve ingredi\u00ebnten, huidverzorgingscomponenten en filmvormende stoffen, die is afgestemd op de effectieve verzorging en hygi\u00ebne van gevoelige huiddelen, vooral spenen en uiers. Uitdroging van de speenhuid wordt vermeden met Oxi Spray. Het gehalte aan filmvormende stoffen in de Oxi Spray in combinatie met het goede bevochtigende effect zorgt voor een voldoende concentratie en blootstellingstijd op de behandelde huidzones voor de hygi\u00ebne van de intacte uier.  Oxi Spray onderhoudt en beschermt het speenkanaal tussen melktijden.  Doe beide componenten in een schone container in een verhouding van 1: 1 en meng intensief. Het aldus geproduceerde mengsel kan gedurende een melkperiode worden gebruikt. Meng voor elke melktijd opnieuw, omdat het actieve ingredi\u00ebnt (chloordioxide) afbreekt.","og_url":"https:\/\/agripura.com\/product\/oxi-spray-ab\/","og_site_name":"AgriPura B.V","article_modified_time":"2023-10-02T14:42:45+00:00","og_image":[{"width":1000,"height":1000,"url":"https:\/\/agripura.com\/wp-content\/uploads\/2021\/09\/Oxi_Spray_B-2.jpg","type":"image\/jpeg"}],"twitter_card":"summary_large_image","schema":{"@context":"https:\/\/schema.org","@graph":[{"@type":"WebPage","@id":"https:\/\/agripura.com\/product\/oxi-spray-ab\/","url":"https:\/\/agripura.com\/product\/oxi-spray-ab\/","name":"Oxi Spray A+B 20 kg (set) - AgriPura B.V","isPartOf":{"@id":"https:\/\/agripura.com\/en\/#website"},"primaryImageOfPage":{"@id":"https:\/\/agripura.com\/product\/oxi-spray-ab\/#primaryimage"},"image":{"@id":"https:\/\/agripura.com\/product\/oxi-spray-ab\/#primaryimage"},"thumbnailUrl":"https:\/\/agripura.com\/wp-content\/uploads\/2021\/09\/Oxi_Spray_B-2.jpg","datePublished":"2021-09-07T14:08:31+00:00","dateModified":"2023-10-02T14:42:45+00:00","breadcrumb":{"@id":"https:\/\/agripura.com\/product\/oxi-spray-ab\/#breadcrumb"},"inLanguage":"da-DK","potentialAction":[{"@type":"ReadAction","target":["https:\/\/agripura.com\/product\/oxi-spray-ab\/"]}]},{"@type":"ImageObject","inLanguage":"da-DK","@id":"https:\/\/agripura.com\/product\/oxi-spray-ab\/#primaryimage","url":"https:\/\/agripura.com\/wp-content\/uploads\/2021\/09\/Oxi_Spray_B-2.jpg","contentUrl":"https:\/\/agripura.com\/wp-content\/uploads\/2021\/09\/Oxi_Spray_B-2.jpg","width":1000,"height":1000},{"@type":"BreadcrumbList","@id":"https:\/\/agripura.com\/product\/oxi-spray-ab\/#breadcrumb","itemListElement":[{"@type":"ListItem","position":1,"name":"Home","item":"https:\/\/agripura.com\/"},{"@type":"ListItem","position":2,"name":"Shop","item":"https:\/\/agripura.com\/en\/shop\/"},{"@type":"ListItem","position":3,"name":"Oxi Spray A+B 20 kg (set)"}]},{"@type":"WebSite","@id":"https:\/\/agripura.com\/en\/#website","url":"https:\/\/agripura.com\/en\/","name":"AgriPura B.V","description":"Specialist in agrarische voeradditieven, desinfectie en reinigingsmiddelen","publisher":{"@id":"https:\/\/agripura.com\/en\/#organization"},"potentialAction":[{"@type":"SearchAction","target":{"@type":"EntryPoint","urlTemplate":"https:\/\/agripura.com\/en\/?s={search_term_string}"},"query-input":{"@type":"PropertyValueSpecification","valueRequired":true,"valueName":"search_term_string"}}],"inLanguage":"da-DK"},{"@type":"Organization","@id":"https:\/\/agripura.com\/en\/#organization","name":"AgriPura B.V","url":"https:\/\/agripura.com\/en\/","logo":{"@type":"ImageObject","inLanguage":"da-DK","@id":"https:\/\/agripura.com\/en\/#\/schema\/logo\/image\/","url":"https:\/\/agripura.com\/wp-content\/uploads\/2020\/06\/AgriPura_Logo_web.svg","contentUrl":"https:\/\/agripura.com\/wp-content\/uploads\/2020\/06\/AgriPura_Logo_web.svg","width":180,"height":56,"caption":"AgriPura B.V"},"image":{"@id":"https:\/\/agripura.com\/en\/#\/schema\/logo\/image\/"},"sameAs":["https:\/\/www.linkedin.com\/company\/agripura\/"]}]}},"_links":{"self":[{"href":"https:\/\/agripura.com\/da\/wp-json\/wp\/v2\/product\/2450","targetHints":{"allow":["GET"]}}],"collection":[{"href":"https:\/\/agripura.com\/da\/wp-json\/wp\/v2\/product"}],"about":[{"href":"https:\/\/agripura.com\/da\/wp-json\/wp\/v2\/types\/product"}],"wp:featuredmedia":[{"embeddable":true,"href":"https:\/\/agripura.com\/da\/wp-json\/wp\/v2\/media\/2874"}],"wp:attachment":[{"href":"https:\/\/agripura.com\/da\/wp-json\/wp\/v2\/media?parent=2450"}],"wp:term":[{"taxonomy":"product_brand","embeddable":true,"href":"https:\/\/agripura.com\/da\/wp-json\/wp\/v2\/product_brand?post=2450"},{"taxonomy":"product_cat","embeddable":true,"href":"https:\/\/agripura.com\/da\/wp-json\/wp\/v2\/product_cat?post=2450"},{"taxonomy":"product_tag","embeddable":true,"href":"https:\/\/agripura.com\/da\/wp-json\/wp\/v2\/product_tag?post=2450"}],"curies":[{"name":"wp","href":"https:\/\/api.w.org\/{rel}","templated":true}]}}